{"id":14703,"date":"2021-10-27T21:25:26","date_gmt":"2021-10-27T19:25:26","guid":{"rendered":"https:\/\/chartedefontevraultprovidentialisme.wordpress.com\/?page_id=14703"},"modified":"2021-10-27T21:25:26","modified_gmt":"2021-10-27T19:25:26","slug":"sylmpedia-6-royalisme-regentisme","status":"publish","type":"page","link":"https:\/\/charte-fontevrault-providentialisme.fr\/index.php\/sylmpedia-6-royalisme-regentisme\/","title":{"rendered":"SYLMPEDIA. 6- &#8220;Royalisme r\u00e9gentisme&#8221;"},"content":{"rendered":"<h1 id=\"firstHeading\" class=\"firstHeading\"><span dir=\"auto\">Royalisme r\u00e9gentiste<\/span><\/h1>\n<div id=\"bodyContent\" class=\"mw-body\">\n<div id=\"mw-content-text\" class=\"mw-content-ltr\" dir=\"ltr\" lang=\"fr\">\n<div class=\"thumb tright\">\n<div class=\"thumbinner\">\n<p><a class=\"image\" href=\"http:\/\/www.sylmpedia.fr\/index.php?title=Fichier:Cropped-bannierecfp_25.jpg\"><img loading=\"lazy\" decoding=\"async\" class=\"thumbimage\" src=\"http:\/\/www.sylmpedia.fr\/images\/thumb\/2\/23\/Cropped-bannierecfp_25.jpg\/300px-Cropped-bannierecfp_25.jpg\" alt=\"\" width=\"300\" height=\"63\" \/><\/a><\/p>\n<div class=\"thumbcaption\">\n<div class=\"magnify\"><a class=\"internal\" title=\"Agrandir\" href=\"http:\/\/www.sylmpedia.fr\/index.php?title=Fichier:Cropped-bannierecfp_25.jpg\"><img loading=\"lazy\" decoding=\"async\" src=\"http:\/\/www.sylmpedia.fr\/skins\/common\/images\/magnify-clip.png\" alt=\"\" width=\"15\" height=\"11\" \/><\/a><\/div>\n<p>Banni\u00e8re providentialiste dessin\u00e9e par G\u00e9rard de Vill\u00e8le, grand imagier de la Charte de Fontevrault<\/p>\n<\/div>\n<\/div>\n<\/div>\n<p>Si pour les royalistes providentialistes, il n\u2019est d\u2019autre chemin que de s\u2019en remettre \u00e0 la providence divine, en l\u2019occurrence \u00e0 J\u00e9sus par Marie par la pri\u00e8re et par l\u2019action il n\u2019en reste pas moins que pour nos esprits humains faibles et d\u00e9biles , une incarnation est souvent souhaitable. Conscient de cette n\u00e9cessit\u00e9 , d\u2019ailleurs plus biologique que v\u00e9ritablement politique, les royalistes r\u00e9gentistes proposent de reconna\u00eetre le duc d\u2019Anjou et sa descendance &#8211; et pas sous la titulature de <a title=\"Louis XX\" href=\"http:\/\/www.sylmpedia.fr\/index.php?title=Louis_XX\">Louis XX<\/a>&#8211; il y a l\u00e0 plus qu\u2019une nuance , en tant qu\u2019a\u00een\u00e9 visibles des Bourbons. Cette r\u00e9gence en l\u2019attente de la survenance de l\u2019a\u00een\u00e9 salique dont seul Dieu sait si ,et quand, elle se produira doit \u00eatre bien comprise. Elle doit d&#8217;abord \u00eatre distingu\u00e9e des p\u00e9riodes de R\u00e9gence telles que l&#8217;Ancien r\u00e9gime en a connu quelques unes.<\/p>\n<table id=\"toc\" class=\"toc\">\n<tbody>\n<tr>\n<td>\n<div id=\"toctitle\">\n<h2>Sommaire<\/h2>\n<p><span class=\"toctoggle\">\u00a0[<a id=\"togglelink\" class=\"internal\" href=\"http:\/\/www.sylmpedia.fr\/index.php\/Royalisme_r%C3%A9gentiste#\">masquer<\/a>]\u00a0<\/span><\/p>\n<\/div>\n<ul>\n<li class=\"toclevel-1 tocsection-1\"><a href=\"http:\/\/www.sylmpedia.fr\/index.php\/Royalisme_r%C3%A9gentiste#Des_deux_sortes_de_R.C3.A9gence\"><span class=\"tocnumber\">1<\/span> <span class=\"toctext\">Des deux sortes de R\u00e9gence<\/span><\/a><\/li>\n<li class=\"toclevel-1 tocsection-2\"><a href=\"http:\/\/www.sylmpedia.fr\/index.php\/Royalisme_r%C3%A9gentiste#Ce_que_n.27est_pas_le_royalisme-r.C3.A9gentisme\"><span class=\"tocnumber\">2<\/span> <span class=\"toctext\">Ce que n&#8217;est pas le royalisme-r\u00e9gentisme<\/span><\/a><\/li>\n<li class=\"toclevel-1 tocsection-3\"><a href=\"http:\/\/www.sylmpedia.fr\/index.php\/Royalisme_r%C3%A9gentiste#Ce_qu.27est_le_royalisme-r.C3.A9gentisme\"><span class=\"tocnumber\">3<\/span> <span class=\"toctext\">Ce qu&#8217;est le royalisme-r\u00e9gentisme<\/span><\/a><\/li>\n<li class=\"toclevel-1 tocsection-4\"><a href=\"http:\/\/www.sylmpedia.fr\/index.php\/Royalisme_r%C3%A9gentiste#Lien_interne\"><span class=\"tocnumber\">4<\/span> <span class=\"toctext\">Lien interne<\/span><\/a><\/li>\n<li class=\"toclevel-1 tocsection-5\"><a href=\"http:\/\/www.sylmpedia.fr\/index.php\/Royalisme_r%C3%A9gentiste#Lien_externe\"><span class=\"tocnumber\">5<\/span> <span class=\"toctext\">Lien externe<\/span><\/a><\/li>\n<\/ul>\n<\/td>\n<\/tr>\n<\/tbody>\n<\/table>\n<h2><span id=\"Des_deux_sortes_de_R.C3.A9gence\" class=\"mw-headline\">Des deux sortes de R\u00e9gence<\/span><\/h2>\n<ul>\n<li>la r\u00e9gence du premier type est un gouvernement temporaire \u00e9tabli pendant la minorit\u00e9, l&#8217;absence ou la maladie du Souverain ( <i>Ch\u00e9ruel. Dictionnaire historique des institutions, moeurs et coutumes de la France)<\/i><\/li>\n<li>La r\u00e9gence du deuxi\u00e8me type est un gouvernement temporaire \u00e9tabli en attendant la survenance de l\u2019a\u00een\u00e9 salique<\/li>\n<\/ul>\n<ul>\n<li>Ces deux types de r\u00e9gence ne peuvent \u00eatre confondues. S&#8217;il y a bien une attente dans les deux cas; dans le premier le futur roi est connu alors qu&#8217;il ne l&#8217;est pas dans le second. En revanche la dur\u00e9e de cette r\u00e9gence ne suffit pas \u00e0 distinguer ces deux types car dans le cas d&#8217;une maladie du Souverain, la dur\u00e9e de la R\u00e9gence ( du premier type) n&#8217;est pas connue \u00e0 l&#8217;avance non plus.<\/li>\n<\/ul>\n<h2><span id=\"Ce_que_n.27est_pas_le_royalisme-r.C3.A9gentisme\" class=\"mw-headline\">Ce que n&#8217;est pas le royalisme-r\u00e9gentisme<\/span><\/h2>\n<ul>\n<li>Le choix d\u2019un prince au d\u00e9triment d\u2019un autre. Les r\u00e9gentistes ne choisissent pas. Ils constatent que le duc d\u2019Anjou-et non <a title=\"Louis XX\" href=\"http:\/\/www.sylmpedia.fr\/index.php?title=Louis_XX\">Louis XX<\/a>&#8211; il y a l\u00e0 plus qu\u2019une nuance- est l<b>\u2019a\u00een\u00e9 visible<\/b> des Bourbons.<\/li>\n<li>La n\u00e9gation de la loi de primog\u00e9niture m\u00e2le dans la branche a\u00een\u00e9e\u2026 puisque aussi longtemps que le prince <b>a\u00een\u00e9 visible<\/b> des Bourbons ne sera pas \u201cr\u00e9duit\u201d au r\u00f4le de chef de la branche cadette par la survenance, r\u00e9v\u00e9l\u00e9e par des moyens dont l\u2019\u00e9pop\u00e9e johannique a donn\u00e9 des exemples, de l\u2019<b>a\u00een\u00e9 salique<\/b>, il restera r\u00e9gent du royaume.<\/li>\n<li>Une complication suppl\u00e9mentaire du paysage royaliste par l\u2019ajout d\u2019une cat\u00e9gorie suppl\u00e9mentaire de militants aux L\u00e9gitimistes, Orl\u00e9anistes , Providentialistes et Survivantistes d\u00e9j\u00e0 existants .<\/li>\n<li>Une perte de temps dans le processus de la Restauration en France<\/li>\n<li>Une d\u00e9gradation de facto des droits \u00e0 la Couronne des droits du duc d\u2019Anjou<\/li>\n<\/ul>\n<h2><span id=\"Ce_qu.27est_le_royalisme-r.C3.A9gentisme\" class=\"mw-headline\">Ce qu&#8217;est le royalisme-r\u00e9gentisme<\/span><\/h2>\n<div class=\"thumb tright\">\n<div class=\"thumbinner\">\n<p><a class=\"image\" href=\"http:\/\/www.sylmpedia.fr\/index.php?title=Fichier:1614033_284111551742289_727642585_o.jpg\"><img loading=\"lazy\" decoding=\"async\" class=\"thumbimage\" src=\"http:\/\/www.sylmpedia.fr\/images\/thumb\/3\/38\/1614033_284111551742289_727642585_o.jpg\/180px-1614033_284111551742289_727642585_o.jpg\" alt=\"\" width=\"180\" height=\"240\" \/><\/a><\/p>\n<div class=\"thumbcaption\">\n<div class=\"magnify\"><a class=\"internal\" title=\"Agrandir\" href=\"http:\/\/www.sylmpedia.fr\/index.php?title=Fichier:1614033_284111551742289_727642585_o.jpg\"><img loading=\"lazy\" decoding=\"async\" src=\"http:\/\/www.sylmpedia.fr\/skins\/common\/images\/magnify-clip.png\" alt=\"\" width=\"15\" height=\"11\" \/><\/a><\/div>\n<p>Pri\u00e8re \u00e0 celle qui fit le roi.<\/p>\n<\/div>\n<\/div>\n<\/div>\n<ul>\n<li>Le moyen pour les royalistes providentialistes, royalistes qui s\u2019en remettent \u00e0 Dieu du choix de Son Lieutenant en France, de servir un homme et plus seulement un principe, qui aussi \u00e9lev\u00e9 soit-il, risque d\u2019appara\u00eetre bien d\u00e9sincarn\u00e9 aux yeux de certains.<\/li>\n<li>Le moyen de reconna\u00eetre \u00e0 l\u2019<b>a\u00een\u00e9 visible<\/b> des Bourbons un r\u00f4le \u00e9minent en l\u2019absence de son accession \u00e0 la couronne puisque , depuis 1789, sa maison a \u00e9t\u00e9 \u00e9cart\u00e9e du tr\u00f4ne et du statut qu\u2019elle avait avant la R\u00e9volution dite Fran\u00e7aise<\/li>\n<li>Le moyen le plus s\u00fbr de mettre fin \u00e0 l\u2019\u00e9parpillement des bonnes volont\u00e9s royalistes car il n\u2019y a aucun d\u00e9shonneur \u00e0 se soumettre \u00e0 la volont\u00e9 divine. Du m\u00eame coup sera h\u00e2t\u00e9, s&#8217;il pla\u00eet \u00e0 Dieu, le retour de Son Lieutenant sur le tr\u00f4ne.<\/li>\n<li>Un moyen d\u2019\u00e9viter les prises de positions trop \u00e9nergiques d\u2019un prince qui sait bien qu\u2019il pourrait ne faire que passer puisqu\u2019il pourrait n\u2019\u00eatre que l\u2019<b>ain\u00e9 visible<\/b> et non l\u2019<b>a\u00een\u00e9 salique<\/b>.<\/li>\n<li>Le moyen de rappeler qu\u2019il n\u2019appartient qu\u2019\u00e0 Dieu de choisir Son Lieutenant sur le tr\u00f4ne de France puisque si Celui ci r\u00e9v\u00e8le qu\u2019il existe bien un <b>a\u00een\u00e9 salique<\/b> des Bourbons\u00a0; l\u2019<b>a\u00een\u00e9 visible<\/b> devra c\u00e9der la place.<\/li>\n<li>Un exemple p\u00e9dagogique de soumission fondatrice \u00e0 la volont\u00e9 divine puisqu\u2019encore une fois les r\u00e9gentistes ne choisissent pas.<\/li>\n<\/ul>\n<h2><span id=\"Lien_interne\" class=\"mw-headline\">Lien interne<\/span><\/h2>\n<p><a class=\"mw-redirect\" title=\"Providentialisme\" href=\"http:\/\/www.sylmpedia.fr\/index.php?title=Providentialisme\">Providentialisme<\/a><\/p>\n<h2><span id=\"Lien_externe\" class=\"mw-headline\">Lien externe<\/span><\/h2>\n<ul>\n<li><a class=\"external autonumber\" href=\"http:\/\/chartedefontevraultprovidentialisme.wordpress.com\/2014\/01\/13\/hypothese-providentialiste-pour-une-regence-confiee-a-sar-le-duc-danjou-et-non-a-louis-xx\/\" rel=\"nofollow\">[1]<\/a>\u00a0: Le r\u00e9gentisme<\/li>\n<\/ul>\n<\/div>\n<div id=\"catlinks\" class=\"catlinks\">\n<div id=\"mw-normal-catlinks\" class=\"mw-normal-catlinks\">\n<p><a title=\"Sp\u00e9cial:Cat\u00e9gories\" href=\"http:\/\/www.sylmpedia.fr\/index.php?title=Sp%C3%A9cial:Cat%C3%A9gories\">Cat\u00e9gories<\/a>\u00a0:<\/p>\n<ul>\n<li><a title=\"Cat\u00e9gorie:Royalisme fran\u00e7ais\" href=\"http:\/\/www.sylmpedia.fr\/index.php?title=Cat%C3%A9gorie:Royalisme_fran%C3%A7ais\">Royalisme fran\u00e7ais<\/a><\/li>\n<li><a title=\"Cat\u00e9gorie:Organisations monarchistes fran\u00e7aises\" href=\"http:\/\/www.sylmpedia.fr\/index.php?title=Cat%C3%A9gorie:Organisations_monarchistes_fran%C3%A7aises\">Organisations monarchistes fran\u00e7aises<\/a><\/li>\n<li><a title=\"Cat\u00e9gorie:Providentialisme\" href=\"http:\/\/www.sylmpedia.fr\/index.php?title=Cat%C3%A9gorie:Providentialisme\">Providentialisme<\/a><\/li>\n<\/ul>\n<\/div>\n<\/div>\n<\/div>\n","protected":false},"excerpt":{"rendered":"<p>Royalisme r\u00e9gentiste Banni\u00e8re providentialiste dessin\u00e9e par G\u00e9rard de Vill\u00e8le, grand imagier de la Charte de Fontevrault Si pour les royalistes providentialistes, il n\u2019est d\u2019autre chemin que de s\u2019en remettre \u00e0&#8230; <a href=\"https:\/\/charte-fontevrault-providentialisme.fr\/index.php\/sylmpedia-6-royalisme-regentisme\/\">Cliquez pour lire davantage &raquo;<\/a><\/p>\n","protected":false},"author":2,"featured_media":0,"parent":0,"menu_order":0,"comment_status":"closed","ping_status":"closed","template":"","meta":{"footnotes":""},"class_list":["post-14703","page","type-page","status-publish","hentry"],"_links":{"self":[{"href":"https:\/\/charte-fontevrault-providentialisme.fr\/index.php\/wp-json\/wp\/v2\/pages\/14703","targetHints":{"allow":["GET"]}}],"collection":[{"href":"https:\/\/charte-fontevrault-providentialisme.fr\/index.php\/wp-json\/wp\/v2\/pages"}],"about":[{"href":"https:\/\/charte-fontevrault-providentialisme.fr\/index.php\/wp-json\/wp\/v2\/types\/page"}],"author":[{"embeddable":true,"href":"https:\/\/charte-fontevrault-providentialisme.fr\/index.php\/wp-json\/wp\/v2\/users\/2"}],"replies":[{"embeddable":true,"href":"https:\/\/charte-fontevrault-providentialisme.fr\/index.php\/wp-json\/wp\/v2\/comments?post=14703"}],"version-history":[{"count":1,"href":"https:\/\/charte-fontevrault-providentialisme.fr\/index.php\/wp-json\/wp\/v2\/pages\/14703\/revisions"}],"predecessor-version":[{"id":41329,"href":"https:\/\/charte-fontevrault-providentialisme.fr\/index.php\/wp-json\/wp\/v2\/pages\/14703\/revisions\/41329"}],"wp:attachment":[{"href":"https:\/\/charte-fontevrault-providentialisme.fr\/index.php\/wp-json\/wp\/v2\/media?parent=14703"}],"curies":[{"name":"wp","href":"https:\/\/api.w.org\/{rel}","templated":true}]}}