{"id":14859,"date":"2021-10-27T21:28:19","date_gmt":"2021-10-27T19:28:19","guid":{"rendered":"https:\/\/chartedefontevraultprovidentialisme.wordpress.com\/?page_id=14859"},"modified":"2021-10-27T21:28:19","modified_gmt":"2021-10-27T19:28:19","slug":"sylmpedia-7-quietisme","status":"publish","type":"page","link":"https:\/\/charte-fontevrault-providentialisme.fr\/index.php\/sylmpedia-7-quietisme\/","title":{"rendered":"SYLMPEDIA. 7-&#8220;Qui\u00e9tisme&#8221;."},"content":{"rendered":"<h1 id=\"firstHeading\" class=\"firstHeading\"><span dir=\"auto\">Qui\u00e9tisme<\/span><\/h1>\n<div id=\"bodyContent\" class=\"mw-body\">\n<div id=\"mw-content-text\" class=\"mw-content-ltr\" dir=\"ltr\" lang=\"fr\">\n<table id=\"toc\" class=\"toc\">\n<tbody>\n<tr>\n<td>\n<div id=\"toctitle\">\n<h2>Sommaire<\/h2>\n<p><span class=\"toctoggle\">\u00a0[<a id=\"togglelink\" class=\"internal\" href=\"http:\/\/www.sylmpedia.fr\/index.php?title=Qui%C3%A9tisme#\">masquer<\/a>]\u00a0<\/span><\/p>\n<\/div>\n<ul>\n<li class=\"toclevel-1 tocsection-1\"><a href=\"http:\/\/www.sylmpedia.fr\/index.php?title=Qui%C3%A9tisme#Le_qui.C3.A9tisme_royaliste\"><span class=\"tocnumber\">1<\/span> <span class=\"toctext\">Le qui\u00e9tisme royaliste<\/span><\/a><\/li>\n<li class=\"toclevel-1 tocsection-2\"><a href=\"http:\/\/www.sylmpedia.fr\/index.php?title=Qui%C3%A9tisme#L.27origine_religieuse_du_qui.C3.A9tisme_politique\"><span class=\"tocnumber\">2<\/span> <span class=\"toctext\">L&#8217;origine religieuse du qui\u00e9tisme politique<\/span><\/a><\/li>\n<li class=\"toclevel-1 tocsection-3\"><a href=\"http:\/\/www.sylmpedia.fr\/index.php?title=Qui%C3%A9tisme#Quietisme_et_providentialisme\"><span class=\"tocnumber\">3<\/span> <span class=\"toctext\">Quietisme et providentialisme<\/span><\/a><\/li>\n<li class=\"toclevel-1 tocsection-4\"><a href=\"http:\/\/www.sylmpedia.fr\/index.php?title=Qui%C3%A9tisme#Liens_externes\"><span class=\"tocnumber\">4<\/span> <span class=\"toctext\">Liens externes<\/span><\/a><\/li>\n<\/ul>\n<\/td>\n<\/tr>\n<\/tbody>\n<\/table>\n<h2><span id=\"Le_qui.C3.A9tisme_royaliste\" class=\"mw-headline\">Le qui\u00e9tisme royaliste<\/span><\/h2>\n<p>Ce qualificatif a \u00e9t\u00e9 donn\u00e9,<i> non sans d\u00e9rision<\/i> , \u00e0 ceux des royalistes qui croient que , au moment choisi par Lui, et dont les Hommes ne sauraient avancer le terme, Dieu leur rendra le roi qu\u2019ils appellent pour la France de leurs v\u0153ux et ce, sans qu\u2019ils n&#8217;aient d\u2019autres efforts \u00e0 fournir que ceux, d\u2019ailleurs difficiles, de la contemplation divine.<\/p>\n<h2><span id=\"L.27origine_religieuse_du_qui.C3.A9tisme_politique\" class=\"mw-headline\">L&#8217;origine religieuse du qui\u00e9tisme politique<\/span><\/h2>\n<p>Ce nom est transpos\u00e9 de la<i>doctrine catholique homonyme,<\/i> n\u00e9e des travaux du th\u00e9ologien Miguel de Molinos ((1628-1696) et par ailleurs <i>condamn\u00e9e par l\u2019Eglise<\/i>, malgr\u00e9 le soutien de l\u2019\u00e9v\u00eaque F\u00e9nelon (1651-1715) , notamment. Un tel intitul\u00e9 vient du fait que ses adeptes attendent tranquillement , dans la qui\u00e9tude, mais de fa\u00e7on passive, que Dieu comble leurs v\u0153ux s\u2019agissant du retour du roi de France.<\/p>\n<h2><span id=\"Quietisme_et_providentialisme\" class=\"mw-headline\">Quietisme et providentialisme<\/span><\/h2>\n<p>L\u2019on prendra garde de ne pas confondre Qui\u00e9tisme et <a class=\"mw-redirect\" title=\"Providentialisme\" href=\"http:\/\/www.sylmpedia.fr\/index.php?title=Providentialisme\">Providentialisme<\/a> .Il est bien possible qu&#8217;il y eut une \u00e9poque o\u00f9 cette confusion \u00e9tait possible , mais elle ne l&#8217;est plus aujourd&#8217;hui comme en t\u00e9moigne les actions de cette derni\u00e8re famille de pens\u00e9e, comme la <a title=\"Charte de Fontevrault\" href=\"http:\/\/www.sylmpedia.fr\/index.php?title=Charte_de_Fontevrault\">Charte de Fontevrault<\/a>, unissant \u00e0 la pri\u00e8re, comme si tout venait de Dieu l\u2019action comme si tout d\u00e9pendait de soit. Voir ci dessous la vid\u00e9o de la <i>Biennale blanche<\/i>( Paris, 17 septembre 2011) diffus\u00e9e sur France 2 le 4 f\u00e9vrier 2012 intitul\u00e9e &#8220;<i>Chacun cherche son roi<\/i>&#8221; . Ajoutons que, pour les Providentialistes , le roi \u00e0 venir (encore tenu cach\u00e9 pour sa propre s\u00e9curit\u00e9) ne pourra venir que de la famille des Bourbons car Dieu ne saurait se contredire.<\/p>\n<h2><span id=\"Liens_externes\" class=\"mw-headline\">Liens externes<\/span><\/h2>\n<ul>\n<li><a class=\"external autonumber\" href=\"http:\/\/www.www.recherche-fenelon.com\/page-13256-laurence-saydon.html\" rel=\"nofollow\">[1]<\/a>\u00a0: F\u00e9nelon et le Qui\u00e9tisme<\/li>\n<li><a class=\"external autonumber\" href=\"http:\/\/www.allianceroyale.fr\/articles\/divers\/279-lalliance-royale-sur-france-2\" rel=\"nofollow\">[2]<\/a>: Patrick de Villenoisy, candidat \u00e0 l&#8217;\u00e9lection pr\u00e9sidentielle, visite la Biennale Blanche- Organisation, <a class=\"new\" title=\"Charte de Fontevrault. (page inexistante)\" href=\"http:\/\/www.sylmpedia.fr\/index.php?title=Charte_de_Fontevrault.&amp;action=edit&amp;redlink=1\">Charte de Fontevrault.<\/a><\/li>\n<\/ul>\n<\/div>\n<div id=\"catlinks\" class=\"catlinks\">\n<div id=\"mw-normal-catlinks\" class=\"mw-normal-catlinks\">\n<p><a title=\"Sp\u00e9cial:Cat\u00e9gories\" href=\"http:\/\/www.sylmpedia.fr\/index.php?title=Sp%C3%A9cial:Cat%C3%A9gories\">Cat\u00e9gories<\/a>\u00a0:<\/p>\n<ul>\n<li><a title=\"Cat\u00e9gorie:Royalisme fran\u00e7ais\" href=\"http:\/\/www.sylmpedia.fr\/index.php?title=Cat%C3%A9gorie:Royalisme_fran%C3%A7ais\">Royalisme fran\u00e7ais<\/a><\/li>\n<li><a title=\"Cat\u00e9gorie:Organisations monarchistes fran\u00e7aises\" href=\"http:\/\/www.sylmpedia.fr\/index.php?title=Cat%C3%A9gorie:Organisations_monarchistes_fran%C3%A7aises\">Organisations monarchistes fran\u00e7aises<\/a><\/li>\n<li><a title=\"Cat\u00e9gorie:Providentialisme\" href=\"http:\/\/www.sylmpedia.fr\/index.php?title=Cat%C3%A9gorie:Providentialisme\">Providentialisme<\/a><\/li>\n<\/ul>\n<\/div>\n<\/div>\n<\/div>\n","protected":false},"excerpt":{"rendered":"<p>Qui\u00e9tisme Sommaire \u00a0[masquer]\u00a0 1 Le qui\u00e9tisme royaliste 2 L&#8217;origine religieuse du qui\u00e9tisme politique 3 Quietisme et providentialisme 4 Liens externes Le qui\u00e9tisme royaliste Ce qualificatif a \u00e9t\u00e9 donn\u00e9, non sans&#8230; <a href=\"https:\/\/charte-fontevrault-providentialisme.fr\/index.php\/sylmpedia-7-quietisme\/\">Cliquez pour lire davantage &raquo;<\/a><\/p>\n","protected":false},"author":5,"featured_media":0,"parent":0,"menu_order":0,"comment_status":"closed","ping_status":"closed","template":"","meta":{"footnotes":""},"class_list":["post-14859","page","type-page","status-publish","hentry"],"_links":{"self":[{"href":"https:\/\/charte-fontevrault-providentialisme.fr\/index.php\/wp-json\/wp\/v2\/pages\/14859","targetHints":{"allow":["GET"]}}],"collection":[{"href":"https:\/\/charte-fontevrault-providentialisme.fr\/index.php\/wp-json\/wp\/v2\/pages"}],"about":[{"href":"https:\/\/charte-fontevrault-providentialisme.fr\/index.php\/wp-json\/wp\/v2\/types\/page"}],"author":[{"embeddable":true,"href":"https:\/\/charte-fontevrault-providentialisme.fr\/index.php\/wp-json\/wp\/v2\/users\/5"}],"replies":[{"embeddable":true,"href":"https:\/\/charte-fontevrault-providentialisme.fr\/index.php\/wp-json\/wp\/v2\/comments?post=14859"}],"version-history":[{"count":1,"href":"https:\/\/charte-fontevrault-providentialisme.fr\/index.php\/wp-json\/wp\/v2\/pages\/14859\/revisions"}],"predecessor-version":[{"id":41332,"href":"https:\/\/charte-fontevrault-providentialisme.fr\/index.php\/wp-json\/wp\/v2\/pages\/14859\/revisions\/41332"}],"wp:attachment":[{"href":"https:\/\/charte-fontevrault-providentialisme.fr\/index.php\/wp-json\/wp\/v2\/media?parent=14859"}],"curies":[{"name":"wp","href":"https:\/\/api.w.org\/{rel}","templated":true}]}}