{"id":14872,"date":"2021-10-27T21:21:21","date_gmt":"2021-10-27T19:21:21","guid":{"rendered":"https:\/\/chartedefontevraultprovidentialisme.wordpress.com\/?page_id=14872"},"modified":"2021-10-27T21:21:21","modified_gmt":"2021-10-27T19:21:21","slug":"sylmpedia-4-le-providentialisme-en-question","status":"publish","type":"page","link":"https:\/\/charte-fontevrault-providentialisme.fr\/index.php\/sylmpedia-4-le-providentialisme-en-question\/","title":{"rendered":"SYLMPEDIA. 4-Le Providentialisme en question."},"content":{"rendered":"<h3 id=\"firstHeading\" class=\"firstHeading\">\u00a0<i>Qu\u2019il nous soit permis en pr\u00e9ambule de remercier tous nos correspondants qu\u2019il soient d\u2019accord ou non avec les lignes qui suivent. C\u2019est gr\u00e2ce \u00e0 la diversit\u00e9 de leurs apports que nous avons pu approfondir nos reflexions<\/i>.<\/h3>\n<div id=\"bodyContent\" class=\"mw-body\">\n<div id=\"mw-content-text\" class=\"mw-content-ltr\" dir=\"ltr\" lang=\"fr\">\n<h2><span id=\"De_quelques_Questions_.28Q.29_r.C3.A9ponses_.28R.29_sur_le_Providentialisme\" class=\"mw-headline\">De quelques Questions (Q) r\u00e9ponses (R) sur le Providentialisme<\/span><\/h2>\n<div class=\"thumb tleft\">\n<div class=\"thumbinner\">\n<p><a class=\"image\" href=\"http:\/\/www.sylmpedia.fr\/index.php?title=Fichier:10149836_1386650061615374_7667037282338103247_n.jpeg\"><img loading=\"lazy\" decoding=\"async\" class=\"thumbimage\" src=\"http:\/\/www.sylmpedia.fr\/images\/thumb\/d\/dc\/10149836_1386650061615374_7667037282338103247_n.jpeg\/180px-10149836_1386650061615374_7667037282338103247_n.jpeg\" alt=\"\" width=\"180\" height=\"220\" \/><\/a><\/p>\n<div class=\"thumbcaption\">\n<div class=\"magnify\"><a class=\"internal\" title=\"Agrandir\" href=\"http:\/\/www.sylmpedia.fr\/index.php?title=Fichier:10149836_1386650061615374_7667037282338103247_n.jpeg\"><img loading=\"lazy\" decoding=\"async\" src=\"http:\/\/www.sylmpedia.fr\/skins\/common\/images\/magnify-clip.png\" alt=\"\" width=\"15\" height=\"11\" \/><\/a><\/div>\n<p>Vers le retour \u00e0 une puret\u00e9 originelle\u00a0: la t\u00e2che du roi.<\/p>\n<\/div>\n<\/div>\n<\/div>\n<p><b>Q 1.Vous pr\u00f4nez le retour du roi tr\u00e8s chr\u00e9tien . N\u2019est-il pas inutile ,voire dangereux, de m\u00e9langer le spirituel et le temporel\u00a0?<\/b><\/p>\n<p><b>R 1<\/b>. Le retour du roi tr\u00e8s chr\u00e9tien en France ne veut pas dire que sera institu\u00e9 une th\u00e9ocratie. C\u2019est bien le Christ qui a demand\u00e9 de rendre \u00e0 Dieu ce qui appartenait \u00e0 Dieu mais aussi de rendre \u00e0 C\u00e9sar ce qui appartient \u00e0 C\u00e9sar. La mission du roi sera en revanche d\u2019aider ses enfants, les sujets, \u00e0 assurer, autant que faire se peut le salut de leur \u00e2me en faisant \u00e9clore les conditions d\u2019une vie sociale qui le facilite ( Application d\u2019une organisation politique \u00e9conomique et sociale qui ne dresse pas les Fran\u00e7ais les uns contre les autres. Promotion d\u2019un mod\u00e8le de la famille chr\u00e9tienne avec la reconnaissance de l\u2019\u00e9gale dignit\u00e9 de ses composantes- hommes, femmes, parents, enfants-.)<\/p>\n<p><b>Q 2. Certes mais quand m\u00eame dans une soci\u00e9t\u00e9 d\u00e9christianis\u00e9e comme l\u2019est la n\u00f4tre et o\u00f9 les chr\u00e9tiens ne repr\u00e9sentent plus qu\u2019un pourcentage probablement assez petit , comment justifier la d\u00e9votion au Sacr\u00e9-C\u0153ur d\u00e9votion qui n\u2019est m\u00eame pas pratiqu\u00e9e par tous les catholiques<\/b>\u00a0?<\/p>\n<p><b>R 2<\/b>. La demande de cons\u00e9cration au Sacr\u00e9-C\u0153ur pr\u00e9sent\u00e9e , comme nous le croyons par le Christ lui-m\u00eame ne para\u00eet pas n\u00e9gociable . Elle l\u2019est sans doute d\u2019autant moins si l\u2019on veut bien se souvenir de la s\u00e9rie de catastrophes qui a frapp\u00e9 le royaume de Louis XIV apr\u00e8s le refus de facto ou de jure de la cons\u00e9cration demand\u00e9e . Rupture de la succession directe du p\u00e8re au fils et ce tant pour Louis XIV que pour Louis XV. R\u00e9volution dite fran\u00e7aise. Absence de post\u00e9rit\u00e9 de Louis XIX, Assassinat du duc de Berry, Absence de post\u00e9rit\u00e9 du Comte de Chambord. D\u2019o\u00f9 l\u2019extinction de la descendance de Louis XIV en France.<\/p>\n<p>Au demeurant quant quelqu\u2019un vous demande une preuve d\u2019amour comme l\u2019avait fait en l\u2019occurrence le Christ, par l\u2019interm\u00e9diaire de Ste Marguerite Marie Alacoque (17 juin 1689), peut -on vraiment la lui refuser\u00a0?<\/p>\n<p><b>Q 3. Pouvez vous nous en dire plus sur \u00ab\u00a0<i>cette s\u00e9rie de catastrophes<\/i>\u00bb que vous venez d\u2019\u00e9voquer.<\/b><\/p>\n<p><b>R 3<\/b> Nous emprunterons pour ce faire au site Pontmain une petite partie de ces analyses\u00a0:<\/p>\n<p><i>Nous croyons que Notre Seigneur J\u00e9sus Christ a ainsi le pouvoir d\u2019arr\u00eater dans Sa Souveraine Volont\u00e9 que le tr\u00f4ne de France puisse \u00eatre vacant pour une p\u00e9riode de temps d\u00e9termin\u00e9e et connue de Lui Seul\u00a0; ch\u00e2timent terrible en r\u00e9ponse \u00e0 la faute extr\u00eamement grave du rejet flagrant de Sa Personne et de Son R\u00e8gne par tout le pays depuis le 4 septembre 1791, date de l\u2019\u00e9viction et du remplacement de notre constitution fondatrice non \u00e9crite \u00ab\u00a0<\/i>Vive le Christ Qui aime les Francs<i>\u00a0\u00bb, &#8220;<\/i>par celle de l\u2019Assembl\u00e9e Nationale \u00ab\u00a0abolissant la Royaut\u00e9 de Droit Divin<i>&#8220;.<\/i><\/p>\n<p>Nous croyons que pendant toutes ces ann\u00e9es, Notre Seigneur J\u00e9sus Christ s\u2019est entretenu \u00e0 plusieurs reprises aupr\u00e8s d\u2019\u00e2mes privil\u00e9gi\u00e9es pour les exhorter \u00e0 diffuser largement Ses messages et ceux de Sa Tr\u00e8s Sainte M\u00e8re, demandant aux fran\u00e7ais de prier instamment, souvent et en grand nombre pour demander le retour du Roi de France et de Son Lieutenant dont Il S\u2019est r\u00e9serv\u00e9 le droit de choisir, seul, la personne et la famille\u2026 Et que ce retour n\u2019est qu\u2019\u00e0 ce prix.<\/p>\n<p><b>Q 4.Vous semblez sous estimer les lois fondamentales du Royaume(LFR) . N\u2019ont \u2013elles pas assur\u00e9 la transmission de la couronne de France tout au long de l\u2019Ancien r\u00e9gime\u00a0?<\/b><\/p>\n<p><b>R 4.<\/b> Les LFR , d\u00e9gag\u00e9es par les juristes du roi , et confirm\u00e9es avec \u00e9clat par Jeanne d&#8217;Arc, sont apparues au fur et \u00e0 mesure des besoins pour r\u00e9soudre des probl\u00e8mes cibl\u00e9s (Exclusion des femmes qui pouvaient faire passer par mariage le tr\u00f4ne dans des mains \u00e9trang\u00e8res comme l&#8217;exclusion d&#8217;un roi anglais pour les m\u00eames raisons). Elles ont \u00e9t\u00e9 un instrument indispensable d&#8217;affermissement du tr\u00f4ne de France lors de sa transmission mais elles n\u2019ont pas permis la restauration de la monarchie depuis au moins 1830. Pire L\u00e9gitimistes et Orl\u00e9anistes s\u2019emparent chacun de son c\u00f4t\u00e9 de deux lois fondamentales ( a\u00eenesse, nationalit\u00e9) , lois dont ils font une analyse contradictoire pour justifier les droits de leur champion.<\/p>\n<p>Au demeurant , m\u00eame valid\u00e9es par les \u00e9v\u00e9nements avec parfois pas mal d\u2019habilet\u00e9 toute humaine ( voir la \u00ab\u00a0<i>loi salique<\/i>\u00a0\u00bb) , les LFR restent des constructions humaines. Elles doivent donc c\u00e9der devant le Commandement de Dieu \u00ab\u00a0Que votre volont\u00e9 soit faite sur la terre comme au ciel&#8221; et le tr\u00f4ne fait bien partie de la terre.<\/p>\n<p>D\u00e9s lors , soyons coh\u00e9rent avec Dieu et ne prions pas en disant\u00a0: &#8221; Seigneur, Que votre volont\u00e9 soit faite sur la terre comme au ciel except\u00e9 pour le tr\u00f4ne de France pour lequel ce sera ma volont\u00e9 qui primera et non la V\u00f4tre\u00a0\u00bb<\/p>\n<p><b>Q 5. Vous dites qu\u2019il faut se soumettre \u00e0 la volont\u00e9 divine. C\u2019est bien ce que nous faisons , Nous servons Louis XX, ain\u00e9 des descendants de la branche a\u00een\u00e9e du dernier roi de France<\/b><\/p>\n<p><b>R 5<\/b>.A\u00een\u00e9 visible assur\u00e9ment mais de l\u00e0 \u00e0 en faire un a\u00een\u00e9 salique, ce qu\u2019il sera peut-\u00eatre un jour mais ce que l\u2019hypoyh\u00eaque Louis XVII emp\u00eache de valider aujourd\u2019hui. Il n\u2019y a donc aucune raison de faire comme si il n\u2019y avait qu\u2019un seul, unique et l\u00e9gitime pr\u00e9tendant au tr\u00f4ne. Servons donc le prince de notre c\u0153ur tout en respectant les autres. Il y aussi la possiblit\u00e9 d\u2019adopter le r\u00e9gentisme.<\/p>\n<p><b>Q 6. S\u2019en remettre \u00e0 la volont\u00e9 divine du point de savoir qui doit \u00eatre le Lieutenant de Dieu en terre de France, n\u2019est \u2013ce pas un peu facile\u00a0?<\/b><\/p>\n<p><b>R 6.<\/b> \u00ab\u00a0<i>Facile<\/i>\u00a0\u00bb est trop dire. Commencez par regarder dans votre propre vie s\u2019il vous est si facile que cela de faire la volont\u00e9 de Dieu. S\u2019agissant du militantisme royaliste , s\u2019y ajoute une autre difficult\u00e9. Le propre du royalisme est de servir un principe incarn\u00e9 en un homme , une famille et non \u00ab\u00a0Marianne\u00a0\u00bb, un buste souvent de pl\u00e2tre pos\u00e9 sur une \u00e9tag\u00e8re au milieu d\u2019un certain nombre d\u2019autres ustensiles.<\/p>\n<p>Or les providentialistes ne servent aucun homme en particulier\u00a0; c\u2019est pour cela qu\u2019on a pu dire d\u2019eux \u00e0 bon droit qu\u2019ils servaient plus le Principe que le prince. Pour personnaliser quelque peu leur militantisme, le courant providentialisme a institu\u00e9 le r\u00e9gentisme qui confie au duc d\u2019anjou \u2013 mais non \u00e0 <a title=\"Louis XX\" href=\"http:\/\/www.sylmpedia.fr\/index.php?title=Louis_XX\">Louis XX<\/a>&#8211; il ya l\u00e0 plus qu\u2019une nuance la r\u00e9gence en sa qualit\u00e9 d\u2019a\u00een\u00e9 visible des Bourbons . Ils lui confient la r\u00e9gence et non le tr\u00f4ne ( e qui les diff\u00e9rencie des l\u00e9gitimistes ) car il n\u2019est \u00ab\u00a0que\u00a0\u00bb l\u2019a\u00een\u00e9 visible et pas obligatoirement l\u2019a\u00een\u00e9 salique .<\/p>\n<p><b>Q 7.Vous pensez qu&#8217;un jour Dieu rendra \u00e0 la France sa monarchie l\u00e9gitime\u00a0? mais comment cela va t\u2019il se faire?<\/b><\/p>\n<p><b>R 7.<\/b>: A cette question , les r\u00e9ponses sont diff\u00e9rentes, voire divergentes. C\u2019est presque une question de Foi\u00a0:<\/p>\n<ul>\n<li>Les Survivantistes professent que cette restauration se fera par la stricte application des lois fondamentales du royaume, autrement dit par l\u2019appel de l\u2019a\u00een\u00e9 salique des Bourbons, ce qui postule que Louis XVII ne serait pas mort au temple et qu\u2019il aurait bien une descendance pr\u00e9sentant tous les caract\u00e8res de l\u00e9gitimit\u00e9.<\/li>\n<\/ul>\n<ul>\n<li>L es L\u00e9gitimistes croient eux aussi que cette restauration se fera par la stricte application des lois fondamentales du royaume, autrement dit par l\u2019appel \u00e0 l\u2019a\u00een\u00e9 des Bourbons . De fait , si l\u2019on ose ainsi s\u2019exprimer, <a title=\"Louis XX\" href=\"http:\/\/www.sylmpedia.fr\/index.php?title=Louis_XX\">Louis XX<\/a> est bien l\u2019a\u00een\u00e9 visible de ceux-ci<\/li>\n<\/ul>\n<ul>\n<li>Les Orl\u00e9anistes pensent qu\u2019un jour le peuple d\u00e9sabus\u00e9 appellera sur le tr\u00f4ne un prince fran\u00e7ais n\u00e9 en France et y r\u00e9sidant (hors sanction d\u2019un \u00e9ventuelle loi d\u2019exil) .L\u2019<a title=\"Alliance royale\" href=\"http:\/\/www.sylmpedia.fr\/index.php?title=Alliance_royale\">Alliance royale<\/a> ne se pose pas la question; l\u2019objectif de ce parti politique \u00e9tant de sensibliser les Fran\u00e7ais au royalisme<\/li>\n<\/ul>\n<ul>\n<li>Nous Fontevristes, Providentialistes, nous en remettons int\u00e9gralement \u00e0 Dieu \u00ab\u00a0<i>Comme Dieu voudra, quand Dieu voudra, et avec qui Dieu voudra<\/i>\u00a0\u00bb telle est une de nos maximes. Au demeurant implorer Dieu de nous rendre le roi ne saurait nous dispenser d\u2019agir aussi dans la cit\u00e9 pour qu\u2019il en soit ainsi. Saint Ignace de Loyola: &#8220;Il faut agir comme si tout d\u00e9pendait de nous et prier comme si tout d\u00e9pendait de Dieu&#8221;.<\/li>\n<\/ul>\n<h2><span id=\"Liens_internes\" class=\"mw-headline\">Liens internes<\/span><\/h2>\n<ul>\n<li><a class=\"external autonumber\" href=\"http:\/\/www.sylmpedia.fr\/index.php\/D%C3%A9votion_au_Sacr%C3%A9-Coeur_de_J%C3%A9sus\" rel=\"nofollow\">[1]<\/a>: D\u00e9votion au Sacr\u00e9 coeur de J\u00e9sus<\/li>\n<\/ul>\n<ul>\n<li><a class=\"external autonumber\" href=\"http:\/\/www.sylmpedia.fr\/index.php\/Royalisme_r%C3%A9gentiste\" rel=\"nofollow\">[2]<\/a>\u00a0: Royalisme r\u00e9gentiste<\/li>\n<\/ul>\n<h2><span id=\"Liens_externes\" class=\"mw-headline\">Liens externes<\/span><\/h2>\n<ul>\n<li><a class=\"external autonumber\" href=\"http:\/\/www.pontmain-pourleretourduroi.com\/que-voulons-nous-notre-cred\/\" rel=\"nofollow\">[3]<\/a>: Pontmain, notre cr\u00e9do<\/li>\n<li><a class=\"external autonumber\" href=\"http:\/\/www.viveleroy.fr\/?La-constitution-de-la-France\" rel=\"nofollow\">[4]<\/a>\u00a0: Site Vive le Roy sur la constitution de la France<\/li>\n<li><a class=\"external autonumber\" href=\"http:\/\/gouvernement.virtuel.free.fr\/altroyfr.php?id=5\" rel=\"nofollow\">[5]<\/a>: Site Alternative royale<\/li>\n<\/ul>\n<\/div>\n<\/div>\n","protected":false},"excerpt":{"rendered":"<p>\u00a0Qu\u2019il nous soit permis en pr\u00e9ambule de remercier tous nos correspondants qu\u2019il soient d\u2019accord ou non avec les lignes qui suivent. C\u2019est gr\u00e2ce \u00e0 la diversit\u00e9 de leurs apports que&#8230; <a href=\"https:\/\/charte-fontevrault-providentialisme.fr\/index.php\/sylmpedia-4-le-providentialisme-en-question\/\">Cliquez pour lire davantage &raquo;<\/a><\/p>\n","protected":false},"author":5,"featured_media":0,"parent":0,"menu_order":0,"comment_status":"closed","ping_status":"closed","template":"","meta":{"footnotes":""},"class_list":["post-14872","page","type-page","status-publish","hentry"],"_links":{"self":[{"href":"https:\/\/charte-fontevrault-providentialisme.fr\/index.php\/wp-json\/wp\/v2\/pages\/14872","targetHints":{"allow":["GET"]}}],"collection":[{"href":"https:\/\/charte-fontevrault-providentialisme.fr\/index.php\/wp-json\/wp\/v2\/pages"}],"about":[{"href":"https:\/\/charte-fontevrault-providentialisme.fr\/index.php\/wp-json\/wp\/v2\/types\/page"}],"author":[{"embeddable":true,"href":"https:\/\/charte-fontevrault-providentialisme.fr\/index.php\/wp-json\/wp\/v2\/users\/5"}],"replies":[{"embeddable":true,"href":"https:\/\/charte-fontevrault-providentialisme.fr\/index.php\/wp-json\/wp\/v2\/comments?post=14872"}],"version-history":[{"count":1,"href":"https:\/\/charte-fontevrault-providentialisme.fr\/index.php\/wp-json\/wp\/v2\/pages\/14872\/revisions"}],"predecessor-version":[{"id":41325,"href":"https:\/\/charte-fontevrault-providentialisme.fr\/index.php\/wp-json\/wp\/v2\/pages\/14872\/revisions\/41325"}],"wp:attachment":[{"href":"https:\/\/charte-fontevrault-providentialisme.fr\/index.php\/wp-json\/wp\/v2\/media?parent=14872"}],"curies":[{"name":"wp","href":"https:\/\/api.w.org\/{rel}","templated":true}]}}