{"id":29,"date":"2013-05-02T12:47:40","date_gmt":"2013-05-02T12:47:40","guid":{"rendered":"http:\/\/chartedefontevraultprovidentialisme.wordpress.com\/?page_id=22"},"modified":"2013-05-02T12:47:40","modified_gmt":"2013-05-02T12:47:40","slug":"charte-de-f-vie-de-la-charte-de-fontevrault-1-les-prochaines-rencontres-fontevristes-en-labbaye-royale-de-fontevraud-le-samedi-24-aout-2012","status":"publish","type":"page","link":"https:\/\/charte-fontevrault-providentialisme.fr\/index.php\/charte-de-f-vie-de-la-charte-de-fontevrault-1-les-prochaines-rencontres-fontevristes-en-labbaye-royale-de-fontevraud-le-samedi-24-aout-2012\/","title":{"rendered":"1C- CHARTE DE F. \/ Vie de la Charte de Fontevrault : a) RENCONTRES FONTEVRISTES \u00e0 Fontevraud l&#8217;Abbaye"},"content":{"rendered":"<p style=\"text-align:center;\"><a href=\"https:\/\/chartedefontevraultprovidentialisme.files.wordpress.com\/2013\/05\/charte_fontevrault1.jpg\"><img loading=\"lazy\" decoding=\"async\" class=\"aligncenter size-full wp-image-5468\" src=\"http:\/\/chartedefontevraultprovidentialisme.files.wordpress.com\/2013\/05\/charte_fontevrault1.jpg\" alt=\"charte_fontevrault\" width=\"640\" height=\"248\" \/><\/a><a href=\"http:\/\/chartedefontevraultprovidentialisme.files.wordpress.com\/2013\/05\/ak5_french_road_sign-svg.png\"><img loading=\"lazy\" decoding=\"async\" class=\"aligncenter size-full wp-image-322\" src=\"http:\/\/chartedefontevraultprovidentialisme.files.wordpress.com\/2013\/05\/ak5_french_road_sign-svg.png\" alt=\"AK5_French_road_sign.svg\" width=\"50\" height=\"44\" \/><\/a><\/p>\n<p style=\"text-align:center;\"><strong>NEUVAINE DE PR\u00c9PARATION SPIRITUELLE DES RENCONTRES <\/strong><strong>FONTEVRISTES <\/strong><\/p>\n<p style=\"text-align:center;\"><a href=\"http:\/\/chartedefontevraultprovidentialisme.files.wordpress.com\/2013\/08\/images-1.jpeg\"><img loading=\"lazy\" decoding=\"async\" class=\"aligncenter size-full wp-image-1715\" src=\"http:\/\/chartedefontevraultprovidentialisme.files.wordpress.com\/2013\/08\/images-1.jpeg\" alt=\"images-1\" width=\"197\" height=\"256\" \/><\/a><\/p>\n<p><em><strong>Rappel\u00a0 du texte\u00a0 de la\u00a0 D\u00e9cision 2004-2 modifi\u00e9e<\/strong><\/em><br \/>\n<em> pr\u00e9voyant\u00a0 que le Chapitre du 25 ao\u00fbt\u00a0 de la <\/em><em>Charte de Fontevrault\u00a0 sera d\u00e9sormais pr\u00e9c\u00e9d\u00e9 de la r\u00e9citation d\u2019une\u00a0 neuvaine du 16 ao\u00fbt, lendemain de la f\u00eate de l\u2019Assomption de Notre Dame, patronne principale\u00a0 de la France, au 24 ao\u00fbt, vigile de la Saint Louis<\/em><em>.<\/em><\/p>\n<p style=\"text-align:center;\">&#8212;&#8212;<\/p>\n<p>La Divine providence a bien fait les choses . On retrouve\u00a0 \u00e0 trois reprises des rappels de notre id\u00e9al et des &#8220;objets de notre d\u00e9votion&#8221;\u00a0 dans\u00a0 cette neuvaine .<\/p>\n<p><strong>19 ao\u00fbt. <\/strong>F\u00eate de saint Jean Eudes qui fut le premier\u00a0 \u00e0 promouvoir un culte de d\u00e9votion public\u00a0 aux divins coeurs de J\u00e9sus et Marie . Or l&#8217;on sait\u00a0 l&#8217;importance\u00a0 que pr\u00e9sente pour la france\u00a0 la\u00a0 cons\u00e9cration non encore r\u00e9alis\u00e9e \u00e0 ce jour au Sacr\u00e9-Coeur de J\u00e9sus.<\/p>\n<p>&#8220;A Caen, en France, saint Jean Eudes confesseur, missionnaire apostolique. Il fonda la Congr\u00e9gation des pr\u00eatres de J\u00e9sus et de Marie, ainsi que l&#8217;Ordre des moniales de Notre-Dame de Charit\u00e9, et fut le promoteur du culte liturgique des Sacr\u00e9s C\u0153urs du Christ et de sa M\u00e8re. Il a \u00e9t\u00e9 inscrit au catalogue des saints par le pape Pie XI&#8221;.<\/p>\n<p>&#8221; Dieu, Vous avez admirablement enflamm\u00e9 le bienheureux<span class=\"Apple-converted-space\">\u00a0 jean Eudes*<\/span>, votre confesseur, de z\u00e8le \u00e0 promouvoir dignement le culte des Sacr\u00e9s-C\u0153urs de J\u00e9sus et de Marie, et Vous avez voulu rassembler par lui dans votre \u00c9glise de nouvelles familles religieuses : Accordez-nous, nous Vous en prions, de retirer un enseignement de ses exemples apr\u00e8s avoir rendu hommage \u00e0 ses pieux m\u00e9rites&#8221;.<a href=\"https:\/\/chartedefontevraultprovidentialisme.files.wordpress.com\/2013\/05\/10628130_698842963528043_457668940377539930_n.jpeg\"><img loading=\"lazy\" decoding=\"async\" class=\"aligncenter wp-image-5466 size-full\" src=\"https:\/\/chartedefontevraultprovidentialisme.files.wordpress.com\/2013\/05\/10628130_698842963528043_457668940377539930_n.jpeg\" alt=\"10628130_698842963528043_457668940377539930_n\" width=\"290\" height=\"523\" \/><\/a><\/p>\n<p><a href=\"http:\/\/www.introibo.fr\/19-08-St-Jean-Eudes-confesseur\" target=\"_blank\" rel=\"nofollow noopener\">http:\/\/www.introibo.fr\/19-08-St-Jean-Eudes-confesseur<\/a><\/p>\n<p>* <a href=\"https:\/\/www.facebook.com\/pages\/Jean-Eudes\/172983926054327?rf=11665812171522\">https:\/\/www.facebook.com\/pages\/Jean-Eudes\/172983926054327?rf=11665812171522<\/a><\/p>\n<p><strong>21 ao\u00fbt. <\/strong>F\u00eate de sainte Jeanne -Fran\u00e7oise Fremiot de Chantal fondatrice des Visitandines. L&#8217;on sait que la\u00a0 visitation vit\u00a0 le futur saint Jean-Baptiste, Saint patron\u00a0 de la Charte de Fontevrault, tresailllir d&#8217;all\u00e9gresse\u00a0 dans le sein de sa m\u00e8re Sainte Elizabeth lorsque celle-ci accueillit\u00a0 la Vierge Marie\u00a0 elle m\u00eame enceinte du Sauveur.<\/p>\n<p><strong>22 ao\u00fbt. <\/strong>F\u00eate du Coeur immacul\u00e9 de Marie. La Charte de Fontevrault s&#8217;est\u00a0 consacr\u00e9e\u00a0 tant\u00a0 au Sacr\u00e9 coeur de J\u00e9sus\u00a0 qu&#8217;au coeur immacul\u00e9 de Marie.<\/p>\n<p style=\"text-align:center;\"><strong>TEXTE DE LA NE<\/strong><strong>UVAINE<\/strong><\/p>\n<p><strong>* La neuvaine consiste\u00a0 en\u00a0 la r\u00e9citation journali\u00e8re des\u00a0 pri\u00e8res et\u00a0 invocations\u00a0 suivantes:<\/strong><\/p>\n<p><strong>&#8211; Le \u201dDe profundis\u201d<\/strong><\/p>\n<p>Des profondeurs je crie vers toi, Seigneur ; Seigneur, \u00e9coute mon appel !<\/p>\n<p>Que ton oreille se fasse attentive au cri de ma pri\u00e8re.<\/p>\n<p>Si tu retiens les fautes, Seigneur, Seigneur qui subsistera ?<\/p>\n<p>Mais pr\u00e8s de toi se trouve le pardon pour que l&#8217;homme te craigne.<\/p>\n<p>J&#8217;esp\u00e8re le Seigneur de toute mon \u00e2me ;<\/p>\n<p>je l&#8217;esp\u00e8re, et j&#8217;attends sa parole.<\/p>\n<p>Mon \u00e2me attend le Seigneur, plus qu&#8217;un veilleur ne guette l&#8217;aurore.<\/p>\n<p>Plus qu&#8217;un veilleur ne guette l&#8217;aurore, attend le Seigneur Isra\u00ebl.<\/p>\n<p>Oui, pr\u00e8s du Seigneur est l&#8217;amour ; pr\u00e8s de lui, l&#8217;abondance du rachat.<\/p>\n<p>C&#8217;est lui qui rach\u00e8tera Isra\u00ebl de toutes ses fautes.<\/p>\n<p><strong>&#8211; Le \u201cNotre P\u00e8re\u201d<\/strong><\/p>\n<p>Notre P\u00e8re, qui \u00eates aux cieux,<\/p>\n<p>que votre nom soit sanctifi\u00e9, que votre r\u00e8gne arrive,<\/p>\n<p>que votre volont\u00e9 soit faite sur la terre comme au ciel.<\/p>\n<p>Donnez-nous aujourd&#8217;hui notre pain de chaque jour.<\/p>\n<p>Pardonnez-nous nos offenses comme nous pardonnons \u00e0 ceux qui nous ont offens\u00e9s.<\/p>\n<p>Et ne nous laissez pas succomber \u00e0 la tentation.<\/p>\n<p>Mais d\u00e9livrez-nous du mal.<\/p>\n<p>Ainsi soit-il<\/p>\n<p><strong>&#8211; Le \u201cJe vous salue Marie\u201d<\/strong><\/p>\n<p>Je vous salue, Marie, pleine de gr\u00e2ce, le Seigneur est avec vous ;<\/p>\n<p>vous \u00eates b\u00e9nie entre toutes les femmes, et J\u00e9sus, le fruit de vos entrailles, est b\u00e9ni.<\/p>\n<p>Sainte Marie, M\u00e8re de Dieu, priez pour nous, pauvres p\u00e9cheurs, maintenant et \u00e0 l&#8217;heure de notre mort.<\/p>\n<p>Ainsi soit-il.<\/p>\n<p><strong>&#8211; Les invocations<\/strong><\/p>\n<ul>\n<li><strong>Notre Dame de l\u2019Assomption, <\/strong>reine de France, Priez pour nous (p.p.n.)<\/li>\n<li><strong>Saint Joseph , <\/strong>protecteur attitr\u00e9 de la France (p.p.n.)<\/li>\n<li><strong>Bienheureux Robert d\u2019Arbrissel<\/strong>, fondateur de l&#8217;Ordre monastique de Fontevraud (p.p.n.)<\/li>\n<li><strong>Saint Louis,<\/strong> roi de France, ( p.p.n.)<\/li>\n<li><strong>Saint Jean-Baptiste<\/strong>, Saint patron\u00a0 de la Charte de Fontevrault, (p.p.n.)<\/li>\n<li><strong>Sainte Marie-Madeleine<\/strong>,\u00a0 protectrice des responsables supr\u00eames de la Charte de Fontevrault, ( p.p.n.)<\/li>\n<li><strong>Saint Michel Archange<\/strong>, Ange gardien de la France (p.p.n.)<\/li>\n<li><strong>Sainte Jeanne d\u2019Arc<\/strong>, patronne secondaire de la France ( p. p. n.)<\/li>\n<li><strong>Sainte Th\u00e9r\u00e8se<\/strong> de l\u2019enfant J\u00e9sus, patronne secondaire de la France (p. p. n.)<\/li>\n<li>\u00a0<strong>Notre\u00a0 Dame de Pontmain,<\/strong> priez\u00a0 pour le retour\u00a0 du Roi de France *.<\/li>\n<\/ul>\n<p>&#8211;\u00a0 <strong>Oh Marie con\u00e7ue sans p\u00e9ch\u00e9, priez pour nous qui avons recours \u00e0 vous<\/strong> (3 fois)<\/p>\n<p>*<span style=\"color:#008000;\"> Et pour\u00a0 continuer\u00a0 \u00e0 prier\u00a0 avec Notre-Dame de Pontmain, en particulier<\/span><span style=\"color:#008000;\">\u00a0 lors \u00a0p\u00e9l\u00e9rinages mensuels qui sont organis\u00e9s chaque 1<\/span><span style=\"color:#008000;\">7 du mois: \u00a0 \u00a0<\/span><i> \u00a0 \u00a0 \u00a0 \u00a0 \u00a0 \u00a0 \u00a0 \u00a0 \u00a0 \u00a0 \u00a0 \u00a0 \u00a0 \u00a0 \u00a0 \u00a0 \u00a0 \u00a0 \u00a0 \u00a0<\/i><a href=\"http:\/\/www.pontmain-pourleretourduroi.com\/\">http:\/\/www.pontmain-pourleretourduroi.co<\/a><\/p>\n<p style=\"text-align:center;\"><span style=\"color:#008000;\"><strong><span style=\"font-size:12pt;font-family:Verdana;color:green;\">\u00a0\u00a0\u00a0\u00a0\u00a0\u00a0\u00a0\u00a0\u00a0\u00a0\u00a0 RENCONTRES FONTEVRISTES 2010<\/span><\/strong><\/span><\/p>\n<p style=\"text-align:center;\"><a href=\"https:\/\/chartedefontevraultprovidentialisme.files.wordpress.com\/2013\/05\/p1030411.jpg\"><img loading=\"lazy\" decoding=\"async\" class=\"aligncenter wp-image-5441\" src=\"https:\/\/chartedefontevraultprovidentialisme.files.wordpress.com\/2013\/05\/p1030411.jpg?w=300\" alt=\"P1030411\" width=\"450\" height=\"338\" \/><\/a><span style=\"font-size:12pt;font-family:Verdana;color:green;\">La\u00a0 croix frapp\u00e9e du S<\/span><span style=\"font-size:12pt;font-family:Verdana;color:green;\">acr\u00e9-Coeur derri\u00e8re le ma\u00eetre-autel de l&#8217;\u00e9glise paroissiale Saint Michel de Fontevraud <\/span><strong><span style=\"font-size:12pt;font-family:Verdana;color:green;\"><br \/>\n<\/span><\/strong><\/p>\n<p><strong><span style=\"font-size:12pt;font-family:Verdana;color:green;\">\u00a0\u00a0\u00a0\u00a0\u00a0\u00a0\u00a0\u00a0\u00a0\u00a0\u00a0\u00a0\u00a0\u00a0\u00a0\u00a0\u00a0\u00a0\u00a0\u00a0 RENCONTRES FONTEVRISTES 2011<\/span><\/strong><\/p>\n<p style=\"text-align:center;\"><a href=\"https:\/\/chartedefontevraultprovidentialisme.files.wordpress.com\/2013\/05\/63841677.jpg\"><img loading=\"lazy\" decoding=\"async\" class=\"aligncenter size-full wp-image-5418\" src=\"http:\/\/chartedefontevraultprovidentialisme.files.wordpress.com\/2013\/05\/63841677.jpg\" alt=\"63841677\" width=\"500\" height=\"333\" \/><\/a><span style=\"color:#008000;\">Passage\u00a0 couvert\u00a0 conduisant \u00e0 l&#8217;entr\u00e9e\u00a0 du jardin de l&#8217;ancie<\/span><span style=\"color:#008000;\">n presbyt\u00e8re de\u00a0\u00a0 Fontevraud\u00a0 l&#8217;abbaye . L&#8217;entr\u00e9e de l&#8217;\u00e9glise paroissia<\/span><span style=\"color:#008000;\">le Saint Michel est\u00a0 sur la gauche derri\u00e8re le contrefort<\/span><\/p>\n<p style=\"text-align:center;\"><strong>Trois nouvelles photos prises lors de la f\u00eate de Saint Louis 2011, lors du Chapitre de la Charte de Fontevrault \u00a0http:\/\/cril17.org\/2012\/12\/05\/<\/strong><\/p>\n<p style=\"text-align:center;\"><strong><span style=\"font-size:12pt;font-family:Verdana;color:green;\">RENCONTRES FONTE<\/span><\/strong><strong><span style=\"font-size:12pt;font-family:Verdana;color:green;\">VRISTES<\/span><\/strong><strong><span style=\"font-size:12pt;font-family:Verdana;color:green;\"> 2012<\/span><\/strong><\/p>\n<p style=\"text-align:center;\"><em>Au pied du\u00a0 monument aux morts de Fontevraud l&#8217;Abbaye<\/em><\/p>\n<p style=\"text-align:left;\"><a href=\"http:\/\/chartedefontevraultprovidentialisme.files.wordpress.com\/2013\/05\/p1050140.jpg\"><img loading=\"lazy\" decoding=\"async\" class=\"aligncenter  wp-image-166\" src=\"http:\/\/chartedefontevraultprovidentialisme.files.wordpress.com\/2013\/05\/p1050140.jpg?w=300\" alt=\"P1050140\" width=\"330\" height=\"255\" \/><\/a><\/p>\n<p style=\"text-align:center;\"><span style=\"color:#008000;\">La personne au pied du monument , un peu <\/span><span style=\"color:#008000;\">en avant des autres, avec un collier de barbe et \u00a0de fines lunettes est M. Pierre Vallino, Gouveneur 2009-2012 de la Ch<\/span><span style=\"color:#008000;\">arte de Fontevrault.<\/span><\/p>\n<p style=\"text-align:center;\"><strong><span style=\"font-size:12pt;font-family:Verdana;color:green;\">RENCONTRES FONTEVRISTES 2013<\/span><\/strong><\/p>\n<p style=\"text-align:center;\"><span style=\"font-family:Verdana;\"><span style=\"color:#008000;\">NB. Par exception\u00a0 \u00e0 la r\u00e9gle statutaire , ces Rencontres\u00a0 se sont d\u00e9roul\u00e9es le samedi 24\u00a0 Ao\u00fbt et non le\u00a0 25 ( \u00a0qui tomb<\/span><\/span><span style=\"font-family:Verdana;\"><span style=\"color:#008000;\">e un un dimanche cete \u00a0annn\u00e9e) ce\u00a0 qui nous aurait priv\u00e9 de la pr\u00e9sence\u00a0 tut\u00e9laire\u00a0 de notre aum\u00f4nier g\u00e9n\u00e9ral, Monsieur \u00a0l\u2019Abb\u00e9 de Durat<\/span>.<\/span><\/p>\n<p class=\"MsoNormal\" style=\"text-align:justify;text-justify:inter-ideograph;\"><a href=\"http:\/\/chartedefontevraultprovidentialisme.files.wordpress.com\/2013\/05\/downloadedfile-1.jpeg\"><img loading=\"lazy\" decoding=\"async\" class=\"aligncenter size-thumbnail wp-image-1274\" src=\"http:\/\/chartedefontevraultprovidentialisme.files.wordpress.com\/2013\/05\/downloadedfile-1.jpeg?w=136\" alt=\"DownloadedFile-1\" width=\"136\" height=\"150\" \/><\/a><span style=\"font-family:Verdana;color:green;\">Ce samedi 24 Ao\u00fbt, se sont tenus de 10H<\/span><span style=\"font-family:Verdana;color:green;\">30 \u00e0 17H30 \u00a0les traditionnnelles Rencontres de la Charte de Fontevrault dans le \u00a0bourg de Fontevraud\u00a0 l&#8217;Abbaye \u00a0(Place du 8 mai 1945, \u00a0All\u00e9e sainte Catheri<\/span><span style=\"font-family:Verdana;color:green;\">ne, \u00e9glise saint Michel de Fontevraud, Place des Plantagen\u00eats, Rue Saint Jean de l&#8217;Habit, Cimet<\/span><span style=\"font-family:Verdana;color:green;\">i\u00e8re de Fontevraud-l&#8217;abbaye, \u00a0Hostellerie de la Croix-Blanche) .<\/span><\/p>\n<ul type=\"disc\">\n<li class=\"MsoNormal\" style=\"color:green;text-align:justify;text-justify:inter-ideograph;\"><em><span style=\"font-family:Verdana;\">Peut-\u00eatre ne \u00a0connaissez \u00a0vous pas encore le \u00a0bourg de Fontevraud l&#8217;Abbaye , alors profitez\u00a0 de l&#8217;occasion que nous \u00a0vous offrons pour venir; il ne s&#8217;en trouvera\u00a0 sans doute pas de meilleures et ce, pour au moins deux raisons :<\/span><\/em><\/li>\n<li class=\"MsoNormal\" style=\"color:green;text-align:justify;text-justify:inter-ideograph;\"><em><span style=\"font-family:Verdana;\">Les drapeaux \u00a0fleudelys\u00e9s \u00a0flotteront \u00e0 nouveau dans l&#8217;all\u00e9e Sainte Catherine,<\/span><\/em><\/li>\n<li class=\"MsoNormal\" style=\"color:green;text-align:justify;text-justify:inter-ideograph;\"><span style=\"font-family:Verdana;\"><em>la messe en rit dit extraordinaire sera \u00a0c\u00e9l\u00e9br\u00e9e en l&#8217;\u00e9glise paroissiale Saint Michel de \u00a0Fontevrau<\/em>d.<\/span><\/li>\n<\/ul>\n<p class=\"MsoNormal\" style=\"text-align:left;\" align=\"center\"><em><strong><span style=\"font-family:Verdana;color:green;\">A) Pr\u00e9paration spirituelle \u00a0des Rencontres<\/span><\/strong><\/em>\u00a0\u00a0\u00a0\u00a0\u00a0\u00a0\u00a0\u00a0\u00a0\u00a0\u00a0\u00a0\u00a0\u00a0\u00a0\u00a0\u00a0\u00a0\u00a0\u00a0\u00a0\u00a0\u00a0\u00a0\u00a0\u00a0\u00a0\u00a0\u00a0\u00a0\u00a0\u00a0\u00a0\u00a0\u00a0\u00a0\u00a0\u00a0\u00a0\u00a0\u00a0\u00a0\u00a0\u00a0\u00a0\u00a0\u00a0\u00a0\u00a0\u00a0\u00a0\u00a0\u00a0\u00a0\u00a0\u00a0\u00a0\u00a0\u00a0\u00a0\u00a0\u00a0\u00a0\u00a0\u00a0 <span style=\"color:#008000;\">Voir\u00a0 ci-dessus <\/span><\/p>\n<p style=\"text-align:center;\"><span style=\"color:#008000;\"><strong>\u00a0 <span style=\"font-family:Verdana;color:green;\">B)<\/span><\/strong> 10H40. Remise par le \u00a0Pr\u00e9sident \u00a0fondateur \u00a0de la Charte (1988-1991) , Alain Texier , du nouveau drapeau <\/span><span style=\"color:#008000;\">de la Charte de Fontevrault au Sacr\u00e9-Coeur en abyme\u00a0 \u00e0 M. Pierre Vallino \u00a0gouverneur \u00a02009-2012<\/span><\/p>\n<p style=\"text-align:center;\"><em><strong><span style=\"font-family:Verdana;color:green;\">C-10H45 . Recueillement au pied du monument aux morts du bourg<\/span><\/strong><\/em><\/p>\n<p style=\"text-align:center;\"><span style=\"color:#008000;\">Accueil des participants fontevristes \u00a0et des fontevr<\/span><span style=\"color:#008000;\">istes habitants du bourg par madame Janine Le Derff, Gouverneur en exercice de la Charte \u00a0de Fontevrault<\/span><\/p>\n<p style=\"text-align:center;\"><em><strong><span style=\"font-family:Verdana;color:green;\">D- 10H50. Procession vers l&#8217;\u00e9glise paroissiale \u00a0Saint-Michel de Fontevraud avec r\u00e9citation d&#8217;une dizaine de chapelet\u00a0<\/span><\/strong><\/em><\/p>\n<p style=\"text-align:center;\"><span style=\"color:#008000;\">Direction de la pri\u00e8re, Madame Gis\u00e8le Martenet, Grande orante de la Charte de Fontevrault<\/span>.<\/p>\n<p style=\"text-align:center;\"><span style=\"color:#008000;\">\u00a0<\/span><span style=\"color:#339966;\"><em><strong>E)<\/strong><strong> Messe en rite extraordinaire c\u00e9l\u00e9br\u00e9e afin que la France redevienne fid\u00e9le \u00e0 sa vocation chr\u00e9tienne<\/strong><\/em><\/span><\/p>\n<p style=\"text-align:center;\"><strong><span style=\"color:#339966;\"><a href=\"https:\/\/chartedefontevraultprovidentialisme.files.wordpress.com\/2013\/05\/scan-132710002_21.jpg\"><img loading=\"lazy\" decoding=\"async\" class=\"aligncenter wp-image-5425 size-large\" src=\"https:\/\/chartedefontevraultprovidentialisme.files.wordpress.com\/2013\/05\/scan-132710002_21.jpg?w=640\" alt=\"Scan 132710002_2\" width=\"640\" height=\"969\" \/><\/a>par monsi<\/span><\/strong><strong><span style=\"color:#339966;\">eur l&#8217;Abb<\/span><\/strong><strong><span style=\"color:#339966;\">\u00e9 de Durat, Aum\u00f4ni<\/span><\/strong><strong><span style=\"color:#339966;\">er g\u00e9n\u00e9ral de la Charte de Fontevrault <\/span><\/strong><span style=\"color:#339966;\">Mademoiselle Ir\u00e9ne Pincemaille, Past-Gouverneur \u00a0de la Charte, tenant les Orgues \u00a0<\/span><\/p>\n<p style=\"text-align:center;\"><em><strong><span style=\"font-family:Verdana;color:green;\">F) A l&#8217;issue de la messe, Cimeti\u00e8re <\/span><\/strong><\/em><em><strong><span style=\"font-family:Verdana;color:green;\">de Fontevrault, <\/span><\/strong><span style=\"font-family:Verdana;color:green;\">\u00e0 l&#8217;emplacement \u00a0de l&#8217;ancien prieur\u00e9 fontevriste Saint Jean de l&#8217;Habit<\/span><strong><span style=\"font-family:Verdana;color:green;\">\u00a0 devant la tombe de M. l&#8217;Abb\u00e9 Pohu , Aum\u00f4nier \u00a0g\u00e9n\u00e9ral fondateur \u00a0de la Charte de Fontevrault, b\u00e9n\u00e9diction \u00a0du nouveau drapeau de la par M. l&#8217;Abb\u00e9 de Durat\u00a0 \u00a0 \u00a0 \u00a0 \u00a0 \u00a0 \u00a0 \u00a0 \u00a0 \u00a0 \u00a0 \u00a0 \u00a0 \u00a0 \u00a0<\/span><\/strong><\/em><span style=\"font-family:Verdana;color:green;\"><a href=\"http:\/\/chartedefontevraultprovidentialisme.wordpress.com\/7-armorial-providentialiste-du-sacre-coeur-partout-en-france-le-sacre-coeur-saffiche\/\">http:\/\/chartedefontevraultprovidentialisme.wordpress.com\/7-armorial-providentialiste-du-sacre-coeur-partout-en-france-le-sacre-coeur-saffiche\/<\/a><\/span><\/p>\n<p style=\"text-align:center;\"><em><strong><span style=\"font-family:Verdana;color:green;\">\u00a0 \u00a0 \u00a0 G) Banquet \u00a0des Rencontres, Hostellerie de la Croix blanche, Place des Plantagen\u00eats, Fontevraud l&#8217;abbaye .<\/span><\/strong><\/em><\/p>\n<p style=\"text-align:center;\"><a href=\"http:\/\/chartedefontevraultprovidentialisme.files.wordpress.com\/2013\/05\/hostellerie-la-croix.jpg\"><img loading=\"lazy\" decoding=\"async\" class=\"aligncenter size-full wp-image-1817\" src=\"http:\/\/chartedefontevraultprovidentialisme.files.wordpress.com\/2013\/05\/hostellerie-la-croix.jpg\" alt=\"hostellerie-la-croix\" width=\"550\" height=\"366\" \/><\/a><\/p>\n<p style=\"text-align:center;\"><em><strong><span style=\"color:#008000;\">H) Chapitre de la Charte de Fontevrault sous la pr\u00e9sidence du Gouverneur en exercice Madame Janine Le Derff\u00a0 au m\u00eame \u00a0lieu.<\/span><\/strong><\/em><\/p>\n<ul>\n<li style=\"text-align:left;\"><em><span style=\"color:#008000;\">Accueil des participants aux Rencontres <\/span><\/em><\/li>\n<li style=\"text-align:left;\"><em><span style=\"color:#008000;\">Rapport \u00a0moral et rapport \u00a0financier <\/span><\/em><\/li>\n<li style=\"text-align:left;\"><em><span style=\"color:#008000;\">C\u00e9r\u00e9monie de remise des \u00a0Honneurs \u00a0fontevristes .<\/span><\/em><\/li>\n<li style=\"text-align:left;\"><em><span style=\"color:#008000;\">Universit\u00e9 d&#8217;\u00e9t\u00e9 \u00a0des \u00a0fontevristes avec les intervventions de<\/span><\/em><em><span style=\"color:#008000;\">* Madame Le Derff Gouverneur en exercice de la Charte * M. Robert de Pr\u00e9voisin de l&#8217;Alliance royale * M. Fran\u00e7ois-Xavier Pachot, \u00a0promoteur de &#8220;A Pontmain, Supplique \u00e0 Dieu pour le retour du roi * Alain \u00a0Texier, Pr\u00e9sident \u00a0fondateur de la Charte.<\/span><\/em><\/li>\n<\/ul>\n<p style=\"text-align:center;\"><strong><span style=\"font-size:12pt;font-family:Verdana;color:green;\">RENCONTRES FONTEVRISTES 2014<\/span><\/strong><\/p>\n<p><em>Les &#8220;Rencontres&#8221; c&#8217;est dans trois mois: <\/em><a href=\"http:\/\/chartedefontevraultprovidentialisme.wordpress.com\/2014\/05\/25\/25-mai-2014-trois-mois-tout-juste-avant-les-rencontres-de-la-charte-de-fontevrault\/\">http:\/\/chartedefontevraultprovidentialisme.wordpress.com\/2014\/05\/25\/25-mai-2014-trois-mois-tout-juste-avant-les-rencontres-de-la-charte-de-fontevrault\/<\/a><\/p>\n<p><em>Les &#8220;Rencontres&#8221; c&#8217;est dans deux mois: <\/em><a href=\"http:\/\/chartedefontevraultprovidentialisme.wordpress.com\/2014\/06\/25\/25-juin-2014-deux-mois-tout-juste-avant-les-rencontres-de-la-charte-de-fontevrault\/\">http:\/\/chartedefontevraultprovidentialisme.wordpress.com\/2014\/06\/25\/25-juin-2014-deux-mois-tout-juste-avant-les-rencontres-de-la-charte-de-fontevrault\/<\/a><\/p>\n<p><em>Les &#8220;Rencontres&#8221; c&#8217;est dans un mois <\/em><a href=\"http:\/\/chartedefontevraultprovidentialisme.wordpress.com\/2014\/07\/25\/un-mois-tout-juste-avant-les-rencontres-2014-de-la-charte-de-fontevrault\/\">http:\/\/chartedefontevraultprovidentialisme.wordpress.com\/2014\/07\/25\/un-mois-tout-juste-avant-les-rencontres-2014-de-la-charte-de-fontevrault\/<\/a><\/p>\n<p><a href=\"https:\/\/chartedefontevraultprovidentialisme.files.wordpress.com\/2013\/05\/stlouis2014-1.jpg\"><img loading=\"lazy\" decoding=\"async\" class=\"aligncenter wp-image-5422 size-full\" src=\"https:\/\/chartedefontevraultprovidentialisme.files.wordpress.com\/2013\/05\/stlouis2014-1.jpg\" alt=\"stlouis2014-1\" width=\"612\" height=\"859\" \/><\/a><\/p>\n<p>&nbsp;<\/p>\n<p>&nbsp;<\/p>\n<p>&nbsp;<\/p>\n<p align=\"center\"><strong><span style=\"font-size:12pt;font-family:Verdana;color:green;\">\u00a0<\/span><\/strong><\/p>\n","protected":false},"excerpt":{"rendered":"<p>NEUVAINE DE PR\u00c9PARATION SPIRITUELLE DES RENCONTRES FONTEVRISTES Rappel\u00a0 du texte\u00a0 de la\u00a0 D\u00e9cision 2004-2 modifi\u00e9e pr\u00e9voyant\u00a0 que le Chapitre du 25 ao\u00fbt\u00a0 de la Charte de Fontevrault\u00a0 sera d\u00e9sormais pr\u00e9c\u00e9d\u00e9&#8230; <a href=\"https:\/\/charte-fontevrault-providentialisme.fr\/index.php\/charte-de-f-vie-de-la-charte-de-fontevrault-1-les-prochaines-rencontres-fontevristes-en-labbaye-royale-de-fontevraud-le-samedi-24-aout-2012\/\">Cliquez pour lire davantage &raquo;<\/a><\/p>\n","protected":false},"author":5,"featured_media":0,"parent":0,"menu_order":0,"comment_status":"open","ping_status":"open","template":"","meta":{"footnotes":""},"class_list":["post-29","page","type-page","status-publish","hentry"],"_links":{"self":[{"href":"https:\/\/charte-fontevrault-providentialisme.fr\/index.php\/wp-json\/wp\/v2\/pages\/29","targetHints":{"allow":["GET"]}}],"collection":[{"href":"https:\/\/charte-fontevrault-providentialisme.fr\/index.php\/wp-json\/wp\/v2\/pages"}],"about":[{"href":"https:\/\/charte-fontevrault-providentialisme.fr\/index.php\/wp-json\/wp\/v2\/types\/page"}],"author":[{"embeddable":true,"href":"https:\/\/charte-fontevrault-providentialisme.fr\/index.php\/wp-json\/wp\/v2\/users\/5"}],"replies":[{"embeddable":true,"href":"https:\/\/charte-fontevrault-providentialisme.fr\/index.php\/wp-json\/wp\/v2\/comments?post=29"}],"version-history":[{"count":0,"href":"https:\/\/charte-fontevrault-providentialisme.fr\/index.php\/wp-json\/wp\/v2\/pages\/29\/revisions"}],"wp:attachment":[{"href":"https:\/\/charte-fontevrault-providentialisme.fr\/index.php\/wp-json\/wp\/v2\/media?parent=29"}],"curies":[{"name":"wp","href":"https:\/\/api.w.org\/{rel}","templated":true}]}}