{"id":39355,"date":"2021-07-01T00:14:35","date_gmt":"2021-06-30T22:14:35","guid":{"rendered":"https:\/\/charte-fontevrault-providentialisme.fr\/?page_id=39355"},"modified":"2021-07-01T00:14:35","modified_gmt":"2021-06-30T22:14:35","slug":"thematiques","status":"publish","type":"page","link":"https:\/\/charte-fontevrault-providentialisme.fr\/index.php\/thematiques\/","title":{"rendered":"Th\u00e9matiques"},"content":{"rendered":"<ul class=\"wp-block-categories-list wp-block-categories\">\t<li class=\"cat-item cat-item-30912\"><a href=\"https:\/\/charte-fontevrault-providentialisme.fr\/index.php\/category\/action-catholique\/\">Action Catholique<\/a>\n<\/li>\n\t<li class=\"cat-item cat-item-30917\"><a href=\"https:\/\/charte-fontevrault-providentialisme.fr\/index.php\/category\/action-identitaire\/\">Action Identitaire<\/a>\n<\/li>\n\t<li class=\"cat-item cat-item-2\"><a href=\"https:\/\/charte-fontevrault-providentialisme.fr\/index.php\/category\/action-legitimiste\/\">Action L\u00e9gitimiste<\/a>\n<\/li>\n\t<li class=\"cat-item cat-item-31069\"><a href=\"https:\/\/charte-fontevrault-providentialisme.fr\/index.php\/category\/action-memorielle\/\">Action M\u00e9morielle<\/a>\n<\/li>\n\t<li class=\"cat-item cat-item-3\"><a href=\"https:\/\/charte-fontevrault-providentialisme.fr\/index.php\/category\/action-orleaniste\/\">Action Orl\u00e9aniste<\/a>\n<\/li>\n\t<li class=\"cat-item cat-item-30913\"><a href=\"https:\/\/charte-fontevrault-providentialisme.fr\/index.php\/category\/action-providentialiste\/\">Action Providentialiste<\/a>\n<\/li>\n\t<li class=\"cat-item cat-item-4\"><a href=\"https:\/\/charte-fontevrault-providentialisme.fr\/index.php\/category\/action-royaliste\/\">Action royaliste<\/a>\n<\/li>\n\t<li class=\"cat-item cat-item-30915\"><a href=\"https:\/\/charte-fontevrault-providentialisme.fr\/index.php\/category\/action-survivantiste\/\">Action Survivantiste<\/a>\n<\/li>\n\t<li class=\"cat-item cat-item-31592\"><a href=\"https:\/\/charte-fontevrault-providentialisme.fr\/index.php\/category\/algerie-francaise\/\">Alg\u00e9rie fran\u00e7aise<\/a>\n<\/li>\n\t<li class=\"cat-item cat-item-32841\"><a href=\"https:\/\/charte-fontevrault-providentialisme.fr\/index.php\/category\/analyses-proposees-par-catoneo\/\">Analyses propos\u00e9es par Caton\u00e9o<\/a>\n<\/li>\n\t<li class=\"cat-item cat-item-32902\"><a href=\"https:\/\/charte-fontevrault-providentialisme.fr\/index.php\/category\/analyses-proposees-par-franck-abed\/\">Analyses propos\u00e9es par Franck Abed<\/a>\n<\/li>\n\t<li class=\"cat-item cat-item-32659\"><a href=\"https:\/\/charte-fontevrault-providentialisme.fr\/index.php\/category\/analyses-proposees-par-herve-volto-president-de-la-charte-1991-1994\/\">Analyses propos\u00e9es par Herv\u00e9 Volto ( Pr\u00e9sident de la Charte (1991-1994)<\/a>\n<\/li>\n\t<li class=\"cat-item cat-item-32031\"><a href=\"https:\/\/charte-fontevrault-providentialisme.fr\/index.php\/category\/analyses-proposees-par-jean-yves-pons\/\">Analyses propos\u00e9es par Jean-Yves Pons (CER)<\/a>\n<\/li>\n\t<li class=\"cat-item cat-item-33142\"><a href=\"https:\/\/charte-fontevrault-providentialisme.fr\/index.php\/category\/analyses-proposees-par-le-gouverneur-chouandecoeur\/\">Analyses propos\u00e9es par le Gouverneur Chouandecoeur<\/a>\n<\/li>\n\t<li class=\"cat-item cat-item-5\"><a href=\"https:\/\/charte-fontevrault-providentialisme.fr\/index.php\/category\/archives-de-la-charte-de-fontevrault\/\">Archives de la Charte de Fontevrault<\/a>\n<\/li>\n\t<li class=\"cat-item cat-item-32039\"><a href=\"https:\/\/charte-fontevrault-providentialisme.fr\/index.php\/category\/arom-annuaire-royaliste-des-organisations-et-mouvements\/\">AROM (Annuaire Royaliste des Organisations et Mouvements)<\/a>\n<\/li>\n\t<li class=\"cat-item cat-item-6\"><a href=\"https:\/\/charte-fontevrault-providentialisme.fr\/index.php\/category\/art-heraldique\/\">Art h\u00e9raldique<\/a>\n<\/li>\n\t<li class=\"cat-item cat-item-7\"><a href=\"https:\/\/charte-fontevrault-providentialisme.fr\/index.php\/category\/blogs-et-sites-catholiques\/\">Blogs et sites catholiques<\/a>\n<\/li>\n\t<li class=\"cat-item cat-item-8\"><a href=\"https:\/\/charte-fontevrault-providentialisme.fr\/index.php\/category\/blogs-et-sites-identitaires\/\">Blogs et sites identitaires<\/a>\n<\/li>\n\t<li class=\"cat-item cat-item-9\"><a href=\"https:\/\/charte-fontevrault-providentialisme.fr\/index.php\/category\/blogs-et-sites-legitimistes\/\">Blogs et sites l\u00e9gitimistes<\/a>\n<\/li>\n\t<li class=\"cat-item cat-item-10\"><a href=\"https:\/\/charte-fontevrault-providentialisme.fr\/index.php\/category\/blogs-et-sites-memoriels\/\">Blogs et sites m\u00e9moriels<\/a>\n<\/li>\n\t<li class=\"cat-item cat-item-11\"><a href=\"https:\/\/charte-fontevrault-providentialisme.fr\/index.php\/category\/blogs-et-sites-orleanistes\/\">Blogs et sites orl\u00e9anistes<\/a>\n<\/li>\n\t<li class=\"cat-item cat-item-12\"><a href=\"https:\/\/charte-fontevrault-providentialisme.fr\/index.php\/category\/blogs-et-sites-providentialistes\/\">Blogs et sites providentialistes<\/a>\n<\/li>\n\t<li class=\"cat-item cat-item-13\"><a href=\"https:\/\/charte-fontevrault-providentialisme.fr\/index.php\/category\/blogs-et-sites-richemontistes\/\">Blogs et sites richemontistes<\/a>\n<\/li>\n\t<li class=\"cat-item cat-item-14\"><a href=\"https:\/\/charte-fontevrault-providentialisme.fr\/index.php\/category\/blogs-et-sites-royalistes\/\">Blogs et Sites royalistes<\/a>\n<\/li>\n\t<li class=\"cat-item cat-item-15\"><a href=\"https:\/\/charte-fontevrault-providentialisme.fr\/index.php\/category\/blogs-et-sites-survivantistes\/\">Blogs et sites survivantistes<\/a>\n<\/li>\n\t<li class=\"cat-item cat-item-16\"><a href=\"https:\/\/charte-fontevrault-providentialisme.fr\/index.php\/category\/blogs-et-sites-utilitaristes\/\">Blogs et sites utilitaristes<\/a>\n<\/li>\n\t<li class=\"cat-item cat-item-17\"><a href=\"https:\/\/charte-fontevrault-providentialisme.fr\/index.php\/category\/christianophobie\/\">Christianophobie<\/a>\n<\/li>\n\t<li class=\"cat-item cat-item-33417\"><a href=\"https:\/\/charte-fontevrault-providentialisme.fr\/index.php\/category\/dictionnaire-monastique-de-lordre-de-fontevraud\/\">Dictionnaire monastique de l&#039;Ordre de Fontevraud<\/a>\n<\/li>\n\t<li class=\"cat-item cat-item-31726\"><a href=\"https:\/\/charte-fontevrault-providentialisme.fr\/index.php\/category\/enquete-sur-le-royalisme\/\">Enqu\u00eate sur le royalisme<\/a>\n<\/li>\n\t<li class=\"cat-item cat-item-18\"><a href=\"https:\/\/charte-fontevrault-providentialisme.fr\/index.php\/category\/familles-royales-francaises-et-etrangeres\/\">Familles royales fran\u00e7aises et \u00e9trang\u00e8res<\/a>\n<\/li>\n\t<li class=\"cat-item cat-item-19\"><a href=\"https:\/\/charte-fontevrault-providentialisme.fr\/index.php\/category\/fetes-catholiques\/\">F\u00eates catholiques<\/a>\n<\/li>\n\t<li class=\"cat-item cat-item-34737\"><a href=\"https:\/\/charte-fontevrault-providentialisme.fr\/index.php\/category\/glanes-nobiliaires-et-heraldiques\/\">Glanes nobiliaires et h\u00e9raldiques<\/a>\n<\/li>\n\t<li class=\"cat-item cat-item-20\"><a href=\"https:\/\/charte-fontevrault-providentialisme.fr\/index.php\/category\/histoire-dune-vie-alain-texier\/\">Histoire d&#039;une vie -Alain Texier-<\/a>\n<\/li>\n\t<li class=\"cat-item cat-item-33025\"><a href=\"https:\/\/charte-fontevrault-providentialisme.fr\/index.php\/category\/institutions-dues-a-la-monarchie\/\">Institutions dues \u00e0 la Monarchie<\/a>\n<\/li>\n\t<li class=\"cat-item cat-item-32859\"><a href=\"https:\/\/charte-fontevrault-providentialisme.fr\/index.php\/category\/le-blog-du-maitre-chat-lully\/\">Le blog du Ma\u00eetre-Chat Lully<\/a>\n<\/li>\n\t<li class=\"cat-item cat-item-21\"><a href=\"https:\/\/charte-fontevrault-providentialisme.fr\/index.php\/category\/limites-de-la-republique\/\">Limites de la r\u00e9publique<\/a>\n<\/li>\n\t<li class=\"cat-item cat-item-30914\"><a href=\"https:\/\/charte-fontevrault-providentialisme.fr\/index.php\/category\/noblesse\/\">Noblesse<\/a>\n<\/li>\n\t<li class=\"cat-item cat-item-1\"><a href=\"https:\/\/charte-fontevrault-providentialisme.fr\/index.php\/category\/non-classe\/\">Non class\u00e9<\/a>\n<\/li>\n\t<li class=\"cat-item cat-item-22\"><a href=\"https:\/\/charte-fontevrault-providentialisme.fr\/index.php\/category\/rois-et-reines-de-france\/\">Rois et Reines de France<\/a>\n<\/li>\n\t<li class=\"cat-item cat-item-32761\"><a href=\"https:\/\/charte-fontevrault-providentialisme.fr\/index.php\/category\/royalismes-etrangers\/\">Royalismes \u00e9trangers<\/a>\n<\/li>\n\t<li class=\"cat-item cat-item-23\"><a href=\"https:\/\/charte-fontevrault-providentialisme.fr\/index.php\/category\/satanisme\/\">Satanisme<\/a>\n<\/li>\n\t<li class=\"cat-item cat-item-24\"><a href=\"https:\/\/charte-fontevrault-providentialisme.fr\/index.php\/category\/sites-et-monuments-royaux\/\">Sites et Monuments royaux<\/a>\n<\/li>\n\t<li class=\"cat-item cat-item-25\"><a href=\"https:\/\/charte-fontevrault-providentialisme.fr\/index.php\/category\/societe-royale-nouvelle\/\">Soci\u00e9t\u00e9 royale nouvelle<\/a>\n<\/li>\n\t<li class=\"cat-item cat-item-26\"><a href=\"https:\/\/charte-fontevrault-providentialisme.fr\/index.php\/category\/societe-traditionnelle\/\">Soci\u00e9t\u00e9 traditionnelle<\/a>\n<\/li>\n\t<li class=\"cat-item cat-item-33983\"><a href=\"https:\/\/charte-fontevrault-providentialisme.fr\/index.php\/category\/statistiques-de-consultation-de-ce-blog\/\">Statistiques de consultation de ce blog<\/a>\n<\/li>\n\t<li class=\"cat-item cat-item-27\"><a href=\"https:\/\/charte-fontevrault-providentialisme.fr\/index.php\/category\/tirer-mieux-partie-de-ce-blog\/\">Tirer mieux partie de ce blog<\/a>\n<\/li>\n\t<li class=\"cat-item cat-item-28\"><a href=\"https:\/\/charte-fontevrault-providentialisme.fr\/index.php\/category\/tourisme-autour-de-fontevraud-labbaye\/\">Tourisme autour de Fontevraud-L&#039;Abbaye<\/a>\n<\/li>\n\t<li class=\"cat-item cat-item-29\"><a href=\"https:\/\/charte-fontevrault-providentialisme.fr\/index.php\/category\/uncategorized\/\">Uncategorized<\/a>\n<\/li>\n<\/ul>","protected":false},"excerpt":{"rendered":"","protected":false},"author":3,"featured_media":0,"parent":0,"menu_order":0,"comment_status":"closed","ping_status":"closed","template":"","meta":{"footnotes":""},"class_list":["post-39355","page","type-page","status-publish","hentry"],"_links":{"self":[{"href":"https:\/\/charte-fontevrault-providentialisme.fr\/index.php\/wp-json\/wp\/v2\/pages\/39355","targetHints":{"allow":["GET"]}}],"collection":[{"href":"https:\/\/charte-fontevrault-providentialisme.fr\/index.php\/wp-json\/wp\/v2\/pages"}],"about":[{"href":"https:\/\/charte-fontevrault-providentialisme.fr\/index.php\/wp-json\/wp\/v2\/types\/page"}],"author":[{"embeddable":true,"href":"https:\/\/charte-fontevrault-providentialisme.fr\/index.php\/wp-json\/wp\/v2\/users\/3"}],"replies":[{"embeddable":true,"href":"https:\/\/charte-fontevrault-providentialisme.fr\/index.php\/wp-json\/wp\/v2\/comments?post=39355"}],"version-history":[{"count":1,"href":"https:\/\/charte-fontevrault-providentialisme.fr\/index.php\/wp-json\/wp\/v2\/pages\/39355\/revisions"}],"predecessor-version":[{"id":39356,"href":"https:\/\/charte-fontevrault-providentialisme.fr\/index.php\/wp-json\/wp\/v2\/pages\/39355\/revisions\/39356"}],"wp:attachment":[{"href":"https:\/\/charte-fontevrault-providentialisme.fr\/index.php\/wp-json\/wp\/v2\/media?parent=39355"}],"curies":[{"name":"wp","href":"https:\/\/api.w.org\/{rel}","templated":true}]}}