{"id":41300,"date":"2021-10-27T20:30:53","date_gmt":"2021-10-27T18:30:53","guid":{"rendered":"https:\/\/charte-fontevrault-providentialisme.fr\/?page_id=41300"},"modified":"2021-10-29T11:45:17","modified_gmt":"2021-10-29T09:45:17","slug":"historique-des-rencontres-et-evenements-fontevristes","status":"publish","type":"page","link":"https:\/\/charte-fontevrault-providentialisme.fr\/index.php\/historique-des-rencontres-et-evenements-fontevristes\/","title":{"rendered":"Historique des rencontres et \u00e9v\u00e9nements fontevristes"},"content":{"rendered":"<p>Veuillez \u00e0 cet effet vous int\u00e9resser aux liens suivants:<\/p>\n<ul>\n<li style=\"list-style-type: none;\">\n<ul>\n<li><a class=\"row-title\" href=\"\/index.php\/chf-h1-histoire-de-la-charte-de-fontevrault\/\" aria-label=\"\u00ab\u00a01A \u2013 CHARTE DE F. \/ Histoire : a) Chronologie fontevriste des circonstances et \u00e9v\u00e9nements ayant \u00e9maill\u00e9 la VIE DE LA CHARTE de Fontevrault du 25 AO\u00dbT 1988 \u00e0 AUJOUR D\u2019HUI\u00a0\u00bb (Modifier)\">1A \u2013 CHARTE DE F. \/ Histoire : a) Chronologie fontevriste des circonstances et \u00e9v\u00e9nements ayant \u00e9maill\u00e9 la VIE DE LA CHARTE de Fontevrault du 25 AO\u00dbT 1988 \u00e0 AUJOUR D\u2019HUI<\/a><\/li>\n<li><a class=\"row-title\" href=\"https:\/\/charte-fontevrault-providentialisme.fr\/index.php\/1b-charte-de-f-histoire-archives-de-la-charte-reflexions-fondatrices-documents-de-mediatisation\/\" aria-label=\"\u00ab\u00a01B \u2013 CHARTE DE F. \/ Histoire : b) Archives de la charte. REFLEXIONS FONDATRICES. HOMMAGES ET HONNEURS DE LA CHARTE. DOCUMENTS DE MEDIATISATION\u00a0\u00bb (Modifier)\">1B \u2013 CHARTE DE F. \/ Histoire : b) Archives de la charte. REFLEXIONS FONDATRICES. HOMMAGES ET HONNEURS DE LA CHARTE. DOCUMENTS DE MEDIATISATION<\/a><\/li>\n<li><a class=\"row-title\" href=\"https:\/\/charte-fontevrault-providentialisme.fr\/index.php\/charte-de-f-vie-de-la-charte-de-fontevrault-1-les-prochaines-rencontres-fontevristes-en-labbaye-royale-de-fontevraud-le-samedi-24-aout-2012\/\" aria-label=\"\u00ab\u00a01C- CHARTE DE F. \/ Vie de la Charte de Fontevrault : a) RENCONTRES FONTEVRISTES \u00e0 Fontevraud l\u2019Abbaye\u00a0\u00bb (Modifier)\">1C- CHARTE DE F. \/ Vie de la Charte de Fontevrault : a) RENCONTRES FONTEVRISTES \u00e0 Fontevraud l\u2019Abbaye<\/a><\/li>\n<li><a class=\"row-title\" href=\"https:\/\/charte-fontevrault-providentialisme.fr\/index.php\/charte-de-f-vie-de-la-charte-de-fontevrault-2-la-prochaine-biennale-blanche-a-paris-le-12-octobre-2013\/\" aria-label=\"\u00ab\u00a01D- CHARTE DE F. \/ Vie de la Charte de Fontevrault : b) BIENNALES BLANCHE a. Paris . ( 2009 \/ 2011\/ 2013\/ 2015\/ 2017) b; Tours (2019)..\u00a0\u00bb (Modifier)\">1D- CHARTE DE F. \/ Vie de la Charte de Fontevrault : b) BIENNALES BLANCHE a. Paris . ( 2009 \/ 2011\/ 2013\/ 2015\/ 2017) b; Tours (2019)..<\/a><\/li>\n<\/ul>\n<\/li>\n<\/ul>\n<p>&nbsp;<\/p>\n","protected":false},"excerpt":{"rendered":"<p>Veuillez \u00e0 cet effet vous int\u00e9resser aux liens suivants: 1A \u2013 CHARTE DE F. \/ Histoire : a) Chronologie fontevriste des circonstances et \u00e9v\u00e9nements ayant \u00e9maill\u00e9 la VIE DE LA&#8230; <a href=\"https:\/\/charte-fontevrault-providentialisme.fr\/index.php\/historique-des-rencontres-et-evenements-fontevristes\/\">Cliquez pour lire davantage &raquo;<\/a><\/p>\n","protected":false},"author":3,"featured_media":0,"parent":0,"menu_order":0,"comment_status":"closed","ping_status":"closed","template":"","meta":{"footnotes":""},"class_list":["post-41300","page","type-page","status-publish","hentry"],"_links":{"self":[{"href":"https:\/\/charte-fontevrault-providentialisme.fr\/index.php\/wp-json\/wp\/v2\/pages\/41300","targetHints":{"allow":["GET"]}}],"collection":[{"href":"https:\/\/charte-fontevrault-providentialisme.fr\/index.php\/wp-json\/wp\/v2\/pages"}],"about":[{"href":"https:\/\/charte-fontevrault-providentialisme.fr\/index.php\/wp-json\/wp\/v2\/types\/page"}],"author":[{"embeddable":true,"href":"https:\/\/charte-fontevrault-providentialisme.fr\/index.php\/wp-json\/wp\/v2\/users\/3"}],"replies":[{"embeddable":true,"href":"https:\/\/charte-fontevrault-providentialisme.fr\/index.php\/wp-json\/wp\/v2\/comments?post=41300"}],"version-history":[{"count":4,"href":"https:\/\/charte-fontevrault-providentialisme.fr\/index.php\/wp-json\/wp\/v2\/pages\/41300\/revisions"}],"predecessor-version":[{"id":41340,"href":"https:\/\/charte-fontevrault-providentialisme.fr\/index.php\/wp-json\/wp\/v2\/pages\/41300\/revisions\/41340"}],"wp:attachment":[{"href":"https:\/\/charte-fontevrault-providentialisme.fr\/index.php\/wp-json\/wp\/v2\/media?parent=41300"}],"curies":[{"name":"wp","href":"https:\/\/api.w.org\/{rel}","templated":true}]}}